{"id":28,"date":"2017-09-18T18:41:50","date_gmt":"2017-09-18T16:41:50","guid":{"rendered":"http:\/\/www.tierfreunde.it\/?page_id=28"},"modified":"2021-09-10T08:49:32","modified_gmt":"2021-09-10T06:49:32","slug":"notfall-melden","status":"publish","type":"page","link":"https:\/\/www.tierfreunde.it\/de\/helfen\/notfall-melden\/","title":{"rendered":"Notfall melden"},"content":{"rendered":"<p>Leider haben auch im sch\u00f6nen S\u00fcdtirol nicht alle Tiere ein artgerechtes Zuhause. Wenn du eine gesetzeswidrige Haltung beobachtest oder sogar Zeuge von Tierqu\u00e4lerei wirst, dann z\u00f6gere nicht, das zu melden.<\/p>\n<p>Wende dich dazu am besten schriftlich mit Foto- oder Videomaterial an <strong>vet@sabes.it<\/strong>. Du kannst dich auch bei einem der der untenstehenden Kontakte melden oder unser Formular ausf\u00fcllen.<\/p>\n<p><a href=\"https:\/\/www.sabes.it\/de\/krankenhaeuser\/bozen\/tieraerztlicher-dienst-bz.asp\" rel=\"noopener noreferrer\" target=\"_blank\">Hier <\/a> geht es zu den direkten Kontakten bei allen Fragen zum Thema <strong>Tiermisshandlungen<\/strong>, <strong>nicht artgerechter Haltung<\/strong>, <strong>unterlassener Hilfeleistung<\/strong> und <strong>Tiert\u00f6tungen<\/strong>.<\/p>\n<p><a href=\"https:\/\/www.tierfreunde.it\/de\/kontakt\/\" rel=\"noopener noreferrer\" target=\"_blank\">Hier <\/a>geht es zum Kontakt des Vereins f\u00fcr <strong>allgemeine Informationen<\/strong>, <strong>Vermittlungshilfe<\/strong>, <strong>Kastrationen<\/strong> und <strong>gefundene Tiere<\/strong>.<\/p>\n<p>F\u00fcr akute Notf\u00e4lle bitte Carabinieri oder Polizei verst\u00e4ndigen (112).<\/p>\n<noscript class=\"ninja-forms-noscript-message\">\n\tHinweis: F\u00fcr diese Inhalte ist JavaScript erforderlich.<\/noscript>\n<div id=\"nf-form-3-cont\" class=\"nf-form-cont\" aria-live=\"polite\" aria-labelledby=\"nf-form-title-3\" aria-describedby=\"nf-form-errors-3\" role=\"form\">\n\n    <div class=\"nf-loading-spinner\"><\/div>\n\n<\/div>\n        <!-- That data is being printed as a workaround to page builders reordering the order of the scripts loaded-->\n        <script>var formDisplay=1;var nfForms=nfForms||[];var form=[];form.id='3';form.settings={\"objectType\":\"Form Setting\",\"editActive\":true,\"title\":\"Notfall melden DE\",\"key\":\"\",\"created_at\":\"2017-09-20 14:36:13\",\"default_label_pos\":\"above\",\"conditions\":[],\"show_title\":0,\"clear_complete\":\"1\",\"hide_complete\":\"1\",\"wrapper_class\":\"\",\"element_class\":\"\",\"add_submit\":\"1\",\"logged_in\":\"\",\"not_logged_in_msg\":\"\",\"sub_limit_number\":\"\",\"sub_limit_msg\":\"\",\"calculations\":[],\"formContentData\":[\"name\",\"e-mail_1505911057869\",\"nachricht_1505911054261\",\"privacy_bestaetigen_1510157472191\",\"recaptcha_1595488117363\",\"notfallmeldung_absenden_1505911045222\"],\"container_styles_background-color\":\"\",\"container_styles_border\":\"\",\"container_styles_border-style\":\"\",\"container_styles_border-color\":\"\",\"container_styles_color\":\"\",\"container_styles_height\":\"\",\"container_styles_width\":\"\",\"container_styles_font-size\":\"\",\"container_styles_margin\":\"\",\"container_styles_padding\":\"\",\"container_styles_display\":\"\",\"container_styles_float\":\"\",\"container_styles_show_advanced_css\":\"0\",\"container_styles_advanced\":\"\",\"title_styles_background-color\":\"\",\"title_styles_border\":\"\",\"title_styles_border-style\":\"\",\"title_styles_border-color\":\"\",\"title_styles_color\":\"\",\"title_styles_height\":\"\",\"title_styles_width\":\"\",\"title_styles_font-size\":\"\",\"title_styles_margin\":\"\",\"title_styles_padding\":\"\",\"title_styles_display\":\"\",\"title_styles_float\":\"\",\"title_styles_show_advanced_css\":\"0\",\"title_styles_advanced\":\"\",\"row_styles_background-color\":\"\",\"row_styles_border\":\"\",\"row_styles_border-style\":\"\",\"row_styles_border-color\":\"\",\"row_styles_color\":\"\",\"row_styles_height\":\"\",\"row_styles_width\":\"\",\"row_styles_font-size\":\"\",\"row_styles_margin\":\"\",\"row_styles_padding\":\"\",\"row_styles_display\":\"\",\"row_styles_show_advanced_css\":\"0\",\"row_styles_advanced\":\"\",\"row-odd_styles_background-color\":\"\",\"row-odd_styles_border\":\"\",\"row-odd_styles_border-style\":\"\",\"row-odd_styles_border-color\":\"\",\"row-odd_styles_color\":\"\",\"row-odd_styles_height\":\"\",\"row-odd_styles_width\":\"\",\"row-odd_styles_font-size\":\"\",\"row-odd_styles_margin\":\"\",\"row-odd_styles_padding\":\"\",\"row-odd_styles_display\":\"\",\"row-odd_styles_show_advanced_css\":\"0\",\"row-odd_styles_advanced\":\"\",\"success-msg_styles_background-color\":\"\",\"success-msg_styles_border\":\"\",\"success-msg_styles_border-style\":\"\",\"success-msg_styles_border-color\":\"\",\"success-msg_styles_color\":\"\",\"success-msg_styles_height\":\"\",\"success-msg_styles_width\":\"\",\"success-msg_styles_font-size\":\"\",\"success-msg_styles_margin\":\"\",\"success-msg_styles_padding\":\"\",\"success-msg_styles_display\":\"\",\"success-msg_styles_show_advanced_css\":\"0\",\"success-msg_styles_advanced\":\"\",\"error_msg_styles_background-color\":\"\",\"error_msg_styles_border\":\"\",\"error_msg_styles_border-style\":\"\",\"error_msg_styles_border-color\":\"\",\"error_msg_styles_color\":\"\",\"error_msg_styles_height\":\"\",\"error_msg_styles_width\":\"\",\"error_msg_styles_font-size\":\"\",\"error_msg_styles_margin\":\"\",\"error_msg_styles_padding\":\"\",\"error_msg_styles_display\":\"\",\"error_msg_styles_show_advanced_css\":\"0\",\"error_msg_styles_advanced\":\"\",\"currency\":\"\",\"unique_field_error\":\"A form with this value has already been submitted.\",\"drawerDisabled\":false,\"allow_public_link\":0,\"embed_form\":\"\",\"ninjaForms\":\"Ninja Forms\",\"changeEmailErrorMsg\":\"Geben Sie bitte eine g\\u00fcltige E-Mail-Adresse ein!\",\"changeDateErrorMsg\":\"Please enter a valid date!\",\"confirmFieldErrorMsg\":\"Diese Felder m\\u00fcssen \\u00fcbereinstimmen!\",\"fieldNumberNumMinError\":\"Fehler bei Zahlminimum\",\"fieldNumberNumMaxError\":\"Fehler bei Zahlmaximum\",\"fieldNumberIncrementBy\":\"Bitte erh\\u00f6hen um \",\"fieldTextareaRTEInsertLink\":\"Link einf\\u00fcgen\",\"fieldTextareaRTEInsertMedia\":\"Medium einf\\u00fcgen\",\"fieldTextareaRTESelectAFile\":\"Eine Datei ausw\\u00e4hlen\",\"formErrorsCorrectErrors\":\"Korrigieren Sie bitte die Fehler, bevor Sie dieses Formular absenden.\",\"formHoneypot\":\"Wenn Sie ein Mensch sind und dieses Feld sehen, lassen Sie es bitte leer.\",\"validateRequiredField\":\"Das ist ein erforderliches Feld.\",\"honeypotHoneypotError\":\"Honeypot-Fehler\",\"fileUploadOldCodeFileUploadInProgress\":\"Datei-Upload l\\u00e4uft.\",\"fileUploadOldCodeFileUpload\":\"DATEI-UPLOAD\",\"currencySymbol\":\"&euro;\",\"fieldsMarkedRequired\":\"Felder mit einem <span class=\\\"ninja-forms-req-symbol\\\">*<\\\/span> m\\u00fcssen ausgef\\u00fcllt werden\",\"thousands_sep\":\".\",\"decimal_point\":\",\",\"siteLocale\":\"de_DE\",\"dateFormat\":\"d\\\/m\\\/Y\",\"startOfWeek\":\"1\",\"of\":\"von\",\"previousMonth\":\"Previous Month\",\"nextMonth\":\"Next Month\",\"months\":[\"January\",\"February\",\"March\",\"April\",\"May\",\"June\",\"July\",\"August\",\"September\",\"October\",\"November\",\"December\"],\"monthsShort\":[\"Jan\",\"Feb\",\"Mar\",\"Apr\",\"May\",\"Jun\",\"Jul\",\"Aug\",\"Sep\",\"Oct\",\"Nov\",\"Dec\"],\"weekdays\":[\"Sunday\",\"Monday\",\"Tuesday\",\"Wednesday\",\"Thursday\",\"Friday\",\"Saturday\"],\"weekdaysShort\":[\"Sun\",\"Mon\",\"Tue\",\"Wed\",\"Thu\",\"Fri\",\"Sat\"],\"weekdaysMin\":[\"Su\",\"Mo\",\"Tu\",\"We\",\"Th\",\"Fr\",\"Sa\"],\"recaptchaConsentMissing\":\"reCaptcha validation couldn&#039;t load.\",\"recaptchaMissingCookie\":\"reCaptcha v3 validation couldn&#039;t load the cookie needed to submit the form.\",\"recaptchaConsentEvent\":\"Accept reCaptcha cookies before sending the form.\",\"currency_symbol\":\"\",\"beforeForm\":\"\",\"beforeFields\":\"\",\"afterFields\":\"\",\"afterForm\":\"\"};form.fields=[{\"objectType\":\"Field\",\"objectDomain\":\"fields\",\"editActive\":false,\"order\":1,\"label\":\"Name\",\"key\":\"name\",\"type\":\"textbox\",\"created_at\":\"2017-09-20 14:36:13\",\"label_pos\":\"above\",\"required\":0,\"placeholder\":\"\",\"default\":\"\",\"wrapper_class\":\"\",\"element_class\":\"\",\"container_class\":\"\",\"input_limit\":\"\",\"input_limit_type\":\"characters\",\"input_limit_msg\":\"Character(s) left\",\"manual_key\":\"\",\"disable_input\":\"\",\"admin_label\":\"\",\"help_text\":\"\",\"desc_text\":\"\",\"disable_browser_autocomplete\":\"\",\"mask\":\"\",\"custom_mask\":\"\",\"wrap_styles_background-color\":\"\",\"wrap_styles_border\":\"\",\"wrap_styles_border-style\":\"\",\"wrap_styles_border-color\":\"\",\"wrap_styles_color\":\"\",\"wrap_styles_height\":\"\",\"wrap_styles_width\":\"\",\"wrap_styles_font-size\":\"\",\"wrap_styles_margin\":\"\",\"wrap_styles_padding\":\"\",\"wrap_styles_display\":\"\",\"wrap_styles_float\":\"\",\"wrap_styles_show_advanced_css\":0,\"wrap_styles_advanced\":\"\",\"label_styles_background-color\":\"\",\"label_styles_border\":\"\",\"label_styles_border-style\":\"\",\"label_styles_border-color\":\"\",\"label_styles_color\":\"\",\"label_styles_height\":\"\",\"label_styles_width\":\"\",\"label_styles_font-size\":\"\",\"label_styles_margin\":\"\",\"label_styles_padding\":\"\",\"label_styles_display\":\"\",\"label_styles_float\":\"\",\"label_styles_show_advanced_css\":0,\"label_styles_advanced\":\"\",\"element_styles_background-color\":\"\",\"element_styles_border\":\"\",\"element_styles_border-style\":\"\",\"element_styles_border-color\":\"\",\"element_styles_color\":\"\",\"element_styles_height\":\"\",\"element_styles_width\":\"\",\"element_styles_font-size\":\"\",\"element_styles_margin\":\"\",\"element_styles_padding\":\"\",\"element_styles_display\":\"\",\"element_styles_float\":\"\",\"element_styles_show_advanced_css\":0,\"element_styles_advanced\":\"\",\"cellcid\":\"c3277\",\"custom_name_attribute\":\"\",\"personally_identifiable\":\"\",\"value\":\"\",\"id\":25,\"beforeField\":\"\",\"afterField\":\"\",\"parentType\":\"textbox\",\"element_templates\":[\"textbox\",\"input\"],\"old_classname\":\"\",\"wrap_template\":\"wrap\"},{\"objectType\":\"Field\",\"objectDomain\":\"fields\",\"editActive\":false,\"order\":2,\"label\":\"E-Mail\",\"key\":\"e-mail_1505911057869\",\"type\":\"email\",\"created_at\":\"2017-09-20 14:36:13\",\"label_pos\":\"above\",\"required\":0,\"placeholder\":\"\",\"default\":\"\",\"wrapper_class\":\"\",\"element_class\":\"\",\"container_class\":\"\",\"admin_label\":\"\",\"help_text\":\"\",\"desc_text\":\"\",\"wrap_styles_background-color\":\"\",\"wrap_styles_border\":\"\",\"wrap_styles_border-style\":\"\",\"wrap_styles_border-color\":\"\",\"wrap_styles_color\":\"\",\"wrap_styles_height\":\"\",\"wrap_styles_width\":\"\",\"wrap_styles_font-size\":\"\",\"wrap_styles_margin\":\"\",\"wrap_styles_padding\":\"\",\"wrap_styles_display\":\"\",\"wrap_styles_float\":\"\",\"wrap_styles_show_advanced_css\":0,\"wrap_styles_advanced\":\"\",\"label_styles_background-color\":\"\",\"label_styles_border\":\"\",\"label_styles_border-style\":\"\",\"label_styles_border-color\":\"\",\"label_styles_color\":\"\",\"label_styles_height\":\"\",\"label_styles_width\":\"\",\"label_styles_font-size\":\"\",\"label_styles_margin\":\"\",\"label_styles_padding\":\"\",\"label_styles_display\":\"\",\"label_styles_float\":\"\",\"label_styles_show_advanced_css\":0,\"label_styles_advanced\":\"\",\"element_styles_background-color\":\"\",\"element_styles_border\":\"\",\"element_styles_border-style\":\"\",\"element_styles_border-color\":\"\",\"element_styles_color\":\"\",\"element_styles_height\":\"\",\"element_styles_width\":\"\",\"element_styles_font-size\":\"\",\"element_styles_margin\":\"\",\"element_styles_padding\":\"\",\"element_styles_display\":\"\",\"element_styles_float\":\"\",\"element_styles_show_advanced_css\":0,\"element_styles_advanced\":\"\",\"cellcid\":\"c3281\",\"custom_name_attribute\":\"email\",\"personally_identifiable\":1,\"value\":\"\",\"id\":26,\"beforeField\":\"\",\"afterField\":\"\",\"parentType\":\"email\",\"element_templates\":[\"email\",\"input\"],\"old_classname\":\"\",\"wrap_template\":\"wrap\"},{\"objectType\":\"Field\",\"objectDomain\":\"fields\",\"editActive\":false,\"order\":3,\"label\":\"Nachricht\",\"key\":\"nachricht_1505911054261\",\"type\":\"textarea\",\"created_at\":\"2017-09-20 14:36:13\",\"label_pos\":\"above\",\"required\":1,\"placeholder\":\"\",\"default\":\"\",\"wrapper_class\":\"\",\"element_class\":\"\",\"container_class\":\"\",\"input_limit\":\"\",\"input_limit_type\":\"characters\",\"input_limit_msg\":\"Character(s) left\",\"manual_key\":\"\",\"disable_input\":\"\",\"admin_label\":\"\",\"help_text\":\"\",\"desc_text\":\"\",\"disable_browser_autocomplete\":\"\",\"textarea_rte\":\"\",\"disable_rte_mobile\":\"\",\"textarea_media\":\"\",\"wrap_styles_background-color\":\"\",\"wrap_styles_border\":\"\",\"wrap_styles_border-style\":\"\",\"wrap_styles_border-color\":\"\",\"wrap_styles_color\":\"\",\"wrap_styles_height\":\"\",\"wrap_styles_width\":\"\",\"wrap_styles_font-size\":\"\",\"wrap_styles_margin\":\"\",\"wrap_styles_padding\":\"\",\"wrap_styles_display\":\"\",\"wrap_styles_float\":\"\",\"wrap_styles_show_advanced_css\":0,\"wrap_styles_advanced\":\"\",\"label_styles_background-color\":\"\",\"label_styles_border\":\"\",\"label_styles_border-style\":\"\",\"label_styles_border-color\":\"\",\"label_styles_color\":\"\",\"label_styles_height\":\"\",\"label_styles_width\":\"\",\"label_styles_font-size\":\"\",\"label_styles_margin\":\"\",\"label_styles_padding\":\"\",\"label_styles_display\":\"\",\"label_styles_float\":\"\",\"label_styles_show_advanced_css\":0,\"label_styles_advanced\":\"\",\"element_styles_background-color\":\"\",\"element_styles_border\":\"\",\"element_styles_border-style\":\"\",\"element_styles_border-color\":\"\",\"element_styles_color\":\"\",\"element_styles_height\":\"\",\"element_styles_width\":\"\",\"element_styles_font-size\":\"\",\"element_styles_margin\":\"\",\"element_styles_padding\":\"\",\"element_styles_display\":\"\",\"element_styles_float\":\"\",\"element_styles_show_advanced_css\":0,\"element_styles_advanced\":\"\",\"cellcid\":\"c3284\",\"value\":\"\",\"id\":27,\"beforeField\":\"\",\"afterField\":\"\",\"parentType\":\"textarea\",\"element_templates\":[\"textarea\",\"input\"],\"old_classname\":\"\",\"wrap_template\":\"wrap\"},{\"objectType\":\"Field\",\"objectDomain\":\"fields\",\"editActive\":false,\"order\":4,\"label\":\"Privacy best\\u00e4tigen\",\"type\":\"checkbox\",\"key\":\"privacy_bestaetigen_1510157472191\",\"label_pos\":\"right\",\"required\":1,\"container_class\":\"checkbox-privacy-container\",\"element_class\":\"\",\"manual_key\":false,\"disable_input\":\"\",\"admin_label\":\"\",\"help_text\":\"<p><br><\\\/p>\",\"desc_text\":\"<p>(<a href=\\\"http:\\\/\\\/www.tierfreunde.it\\\/de\\\/privacy\\\/\\\" target=\\\"_blank\\\">Info<\\\/a>)<br><\\\/p>\",\"default_value\":\"unchecked\",\"checked_calc_value\":\"\",\"unchecked_calc_value\":\"\",\"drawerDisabled\":false,\"checked_value\":\"Ausgew\\u00e4hlt\",\"unchecked_value\":\"Nicht ausgew\\u00e4hlt\",\"id\":31,\"beforeField\":\"\",\"afterField\":\"\",\"value\":\"\",\"parentType\":\"checkbox\",\"element_templates\":[\"checkbox\",\"input\"],\"old_classname\":\"\",\"wrap_template\":\"wrap\"},{\"objectType\":\"Field\",\"objectDomain\":\"fields\",\"editActive\":false,\"order\":5,\"label\":\"Recaptcha\",\"type\":\"recaptcha\",\"container_class\":\"\",\"element_class\":\"\",\"size\":\"visible\",\"key\":\"recaptcha_1595488117363\",\"id\":34,\"beforeField\":\"\",\"afterField\":\"\",\"value\":\"\",\"label_pos\":\"above\",\"parentType\":\"textbox\",\"element_templates\":[\"recaptcha\",\"input\"],\"old_classname\":\"\",\"wrap_template\":\"wrap\",\"site_key\":\"6LeG8bQZAAAAABCCmdaBB3NrSfBO5Nqo7A7qeCz1\",\"theme\":\"light\",\"lang\":\"de\"},{\"objectType\":\"Field\",\"objectDomain\":\"fields\",\"editActive\":false,\"order\":6,\"label\":\"Notfallmeldung absenden\",\"key\":\"notfallmeldung_absenden_1505911045222\",\"type\":\"submit\",\"created_at\":\"2017-09-20 14:36:13\",\"processing_label\":\"Verarbeite ...\",\"container_class\":\"\",\"element_class\":\"\",\"wrap_styles_background-color\":\"\",\"wrap_styles_border\":\"\",\"wrap_styles_border-style\":\"\",\"wrap_styles_border-color\":\"\",\"wrap_styles_color\":\"\",\"wrap_styles_height\":\"\",\"wrap_styles_width\":\"\",\"wrap_styles_font-size\":\"\",\"wrap_styles_margin\":\"\",\"wrap_styles_padding\":\"\",\"wrap_styles_display\":\"\",\"wrap_styles_float\":\"\",\"wrap_styles_show_advanced_css\":0,\"wrap_styles_advanced\":\"\",\"label_styles_background-color\":\"\",\"label_styles_border\":\"\",\"label_styles_border-style\":\"\",\"label_styles_border-color\":\"\",\"label_styles_color\":\"\",\"label_styles_height\":\"\",\"label_styles_width\":\"\",\"label_styles_font-size\":\"\",\"label_styles_margin\":\"\",\"label_styles_padding\":\"\",\"label_styles_display\":\"\",\"label_styles_float\":\"\",\"label_styles_show_advanced_css\":0,\"label_styles_advanced\":\"\",\"element_styles_background-color\":\"\",\"element_styles_border\":\"\",\"element_styles_border-style\":\"\",\"element_styles_border-color\":\"\",\"element_styles_color\":\"\",\"element_styles_height\":\"\",\"element_styles_width\":\"\",\"element_styles_font-size\":\"\",\"element_styles_margin\":\"\",\"element_styles_padding\":\"\",\"element_styles_display\":\"\",\"element_styles_float\":\"\",\"element_styles_show_advanced_css\":0,\"element_styles_advanced\":\"\",\"submit_element_hover_styles_background-color\":\"\",\"submit_element_hover_styles_border\":\"\",\"submit_element_hover_styles_border-style\":\"\",\"submit_element_hover_styles_border-color\":\"\",\"submit_element_hover_styles_color\":\"\",\"submit_element_hover_styles_height\":\"\",\"submit_element_hover_styles_width\":\"\",\"submit_element_hover_styles_font-size\":\"\",\"submit_element_hover_styles_margin\":\"\",\"submit_element_hover_styles_padding\":\"\",\"submit_element_hover_styles_display\":\"\",\"submit_element_hover_styles_float\":\"\",\"submit_element_hover_styles_show_advanced_css\":0,\"submit_element_hover_styles_advanced\":\"\",\"cellcid\":\"c3287\",\"drawerDisabled\":false,\"id\":28,\"beforeField\":\"\",\"afterField\":\"\",\"value\":\"\",\"label_pos\":\"above\",\"parentType\":\"textbox\",\"element_templates\":[\"submit\",\"button\",\"input\"],\"old_classname\":\"\",\"wrap_template\":\"wrap-no-label\"}];nfForms.push(form);<\/script>\n        \n","protected":false},"excerpt":{"rendered":"<p>Leider haben auch im sch\u00f6nen S\u00fcdtirol nicht alle Tiere ein artgerechtes Zuhause. Wenn du eine gesetzeswidrige Haltung beobachtest oder sogar [&hellip;]<\/p>\n","protected":false},"author":1,"featured_media":0,"parent":18,"menu_order":0,"comment_status":"closed","ping_status":"closed","template":"","meta":{"_acf_changed":false,"footnotes":""},"acf":[],"yoast_head":"<!-- This site is optimized with the Yoast SEO plugin v20.13 - https:\/\/yoast.com\/wordpress\/plugins\/seo\/ -->\n<title>Notfall melden - S\u00fcdtiroler Tierfreundeverein<\/title>\n<meta name=\"robots\" content=\"index, follow, max-snippet:-1, max-image-preview:large, max-video-preview:-1\" \/>\n<link rel=\"canonical\" href=\"https:\/\/www.tierfreunde.it\/de\/helfen\/notfall-melden\/\" \/>\n<meta property=\"og:locale\" content=\"de_DE\" \/>\n<meta property=\"og:type\" content=\"article\" \/>\n<meta property=\"og:title\" content=\"Notfall melden - S\u00fcdtiroler Tierfreundeverein\" \/>\n<meta property=\"og:description\" content=\"Leider haben auch im sch\u00f6nen S\u00fcdtirol nicht alle Tiere ein artgerechtes Zuhause. Wenn du eine gesetzeswidrige Haltung beobachtest oder sogar [&hellip;]\" \/>\n<meta property=\"og:url\" content=\"https:\/\/www.tierfreunde.it\/de\/helfen\/notfall-melden\/\" \/>\n<meta property=\"og:site_name\" content=\"S\u00fcdtiroler Tierfreundeverein\" \/>\n<meta property=\"article:modified_time\" content=\"2021-09-10T06:49:32+00:00\" \/>\n<meta name=\"twitter:card\" content=\"summary_large_image\" \/>\n<meta name=\"twitter:label1\" content=\"Est. reading time\" \/>\n\t<meta name=\"twitter:data1\" content=\"1 Minute\" \/>\n<script type=\"application\/ld+json\" class=\"yoast-schema-graph\">{\"@context\":\"https:\/\/schema.org\",\"@graph\":[{\"@type\":\"WebPage\",\"@id\":\"https:\/\/www.tierfreunde.it\/de\/helfen\/notfall-melden\/\",\"url\":\"https:\/\/www.tierfreunde.it\/de\/helfen\/notfall-melden\/\",\"name\":\"Notfall melden - S\u00fcdtiroler Tierfreundeverein\",\"isPartOf\":{\"@id\":\"https:\/\/www.tierfreunde.it\/de\/#website\"},\"datePublished\":\"2017-09-18T16:41:50+00:00\",\"dateModified\":\"2021-09-10T06:49:32+00:00\",\"breadcrumb\":{\"@id\":\"https:\/\/www.tierfreunde.it\/de\/helfen\/notfall-melden\/#breadcrumb\"},\"inLanguage\":\"de-DE\",\"potentialAction\":[{\"@type\":\"ReadAction\",\"target\":[\"https:\/\/www.tierfreunde.it\/de\/helfen\/notfall-melden\/\"]}]},{\"@type\":\"BreadcrumbList\",\"@id\":\"https:\/\/www.tierfreunde.it\/de\/helfen\/notfall-melden\/#breadcrumb\",\"itemListElement\":[{\"@type\":\"ListItem\",\"position\":1,\"name\":\"Startseite\",\"item\":\"https:\/\/www.tierfreunde.it\/de\/\"},{\"@type\":\"ListItem\",\"position\":2,\"name\":\"Helfen\",\"item\":\"https:\/\/www.tierfreunde.it\/de\/helfen\/\"},{\"@type\":\"ListItem\",\"position\":3,\"name\":\"Notfall melden\"}]},{\"@type\":\"WebSite\",\"@id\":\"https:\/\/www.tierfreunde.it\/de\/#website\",\"url\":\"https:\/\/www.tierfreunde.it\/de\/\",\"name\":\"S\u00fcdtiroler Tierfreundeverein\",\"description\":\"\",\"potentialAction\":[{\"@type\":\"SearchAction\",\"target\":{\"@type\":\"EntryPoint\",\"urlTemplate\":\"https:\/\/www.tierfreunde.it\/de\/?s={search_term_string}\"},\"query-input\":\"required name=search_term_string\"}],\"inLanguage\":\"de-DE\"}]}<\/script>\n<!-- \/ Yoast SEO plugin. -->","yoast_head_json":{"title":"Notfall melden - S\u00fcdtiroler Tierfreundeverein","robots":{"index":"index","follow":"follow","max-snippet":"max-snippet:-1","max-image-preview":"max-image-preview:large","max-video-preview":"max-video-preview:-1"},"canonical":"https:\/\/www.tierfreunde.it\/de\/helfen\/notfall-melden\/","og_locale":"de_DE","og_type":"article","og_title":"Notfall melden - S\u00fcdtiroler Tierfreundeverein","og_description":"Leider haben auch im sch\u00f6nen S\u00fcdtirol nicht alle Tiere ein artgerechtes Zuhause. Wenn du eine gesetzeswidrige Haltung beobachtest oder sogar [&hellip;]","og_url":"https:\/\/www.tierfreunde.it\/de\/helfen\/notfall-melden\/","og_site_name":"S\u00fcdtiroler Tierfreundeverein","article_modified_time":"2021-09-10T06:49:32+00:00","twitter_card":"summary_large_image","twitter_misc":{"Est. reading time":"1 Minute"},"schema":{"@context":"https:\/\/schema.org","@graph":[{"@type":"WebPage","@id":"https:\/\/www.tierfreunde.it\/de\/helfen\/notfall-melden\/","url":"https:\/\/www.tierfreunde.it\/de\/helfen\/notfall-melden\/","name":"Notfall melden - S\u00fcdtiroler Tierfreundeverein","isPartOf":{"@id":"https:\/\/www.tierfreunde.it\/de\/#website"},"datePublished":"2017-09-18T16:41:50+00:00","dateModified":"2021-09-10T06:49:32+00:00","breadcrumb":{"@id":"https:\/\/www.tierfreunde.it\/de\/helfen\/notfall-melden\/#breadcrumb"},"inLanguage":"de-DE","potentialAction":[{"@type":"ReadAction","target":["https:\/\/www.tierfreunde.it\/de\/helfen\/notfall-melden\/"]}]},{"@type":"BreadcrumbList","@id":"https:\/\/www.tierfreunde.it\/de\/helfen\/notfall-melden\/#breadcrumb","itemListElement":[{"@type":"ListItem","position":1,"name":"Startseite","item":"https:\/\/www.tierfreunde.it\/de\/"},{"@type":"ListItem","position":2,"name":"Helfen","item":"https:\/\/www.tierfreunde.it\/de\/helfen\/"},{"@type":"ListItem","position":3,"name":"Notfall melden"}]},{"@type":"WebSite","@id":"https:\/\/www.tierfreunde.it\/de\/#website","url":"https:\/\/www.tierfreunde.it\/de\/","name":"S\u00fcdtiroler Tierfreundeverein","description":"","potentialAction":[{"@type":"SearchAction","target":{"@type":"EntryPoint","urlTemplate":"https:\/\/www.tierfreunde.it\/de\/?s={search_term_string}"},"query-input":"required name=search_term_string"}],"inLanguage":"de-DE"}]}},"_links":{"self":[{"href":"https:\/\/www.tierfreunde.it\/de\/wp-json\/wp\/v2\/pages\/28"}],"collection":[{"href":"https:\/\/www.tierfreunde.it\/de\/wp-json\/wp\/v2\/pages"}],"about":[{"href":"https:\/\/www.tierfreunde.it\/de\/wp-json\/wp\/v2\/types\/page"}],"author":[{"embeddable":true,"href":"https:\/\/www.tierfreunde.it\/de\/wp-json\/wp\/v2\/users\/1"}],"replies":[{"embeddable":true,"href":"https:\/\/www.tierfreunde.it\/de\/wp-json\/wp\/v2\/comments?post=28"}],"version-history":[{"count":18,"href":"https:\/\/www.tierfreunde.it\/de\/wp-json\/wp\/v2\/pages\/28\/revisions"}],"predecessor-version":[{"id":1817,"href":"https:\/\/www.tierfreunde.it\/de\/wp-json\/wp\/v2\/pages\/28\/revisions\/1817"}],"up":[{"embeddable":true,"href":"https:\/\/www.tierfreunde.it\/de\/wp-json\/wp\/v2\/pages\/18"}],"wp:attachment":[{"href":"https:\/\/www.tierfreunde.it\/de\/wp-json\/wp\/v2\/media?parent=28"}],"curies":[{"name":"wp","href":"https:\/\/api.w.org\/{rel}","templated":true}]}}