{"id":32,"date":"2017-09-18T18:42:34","date_gmt":"2017-09-18T16:42:34","guid":{"rendered":"http:\/\/www.tierfreunde.it\/?page_id=32"},"modified":"2018-10-15T18:07:15","modified_gmt":"2018-10-15T16:07:15","slug":"tierschutz-gesetze","status":"publish","type":"page","link":"https:\/\/www.tierfreunde.it\/de\/tipps-hilfe\/tierschutz-gesetze\/","title":{"rendered":"Tierschutz-Gesetze"},"content":{"rendered":"<p>Tierschutzgesetze wurden zu dem Zweck erlassen, um das Leben und Wohlbefinden von Tieren zu sch\u00fctzen. Der Grundsatz lautet: \u201eNiemand darf einem Tier Schmerzen, Leiden oder Schaden zuf\u00fcgen\u201c.\u00a0 Jede Tierart hat ganz bestimmte Bed\u00fcrfnisse in Bezug auf Umgebung, Ern\u00e4hrung und Betreuung. K\u00f6nnen diese nicht erf\u00fcllt werden, leidet das Tier.\u00a0 Auch in S\u00fcdtirol gibt es wichtige Gesetze zum Schutz der Tiere, aber auch zahlreiche Gesetze f\u00fcr Tierhalter, welche die Kennzeichnung und die Haltung betreffen.<\/p>\n<p>&nbsp;<\/p>\n<p><img loading=\"lazy\" decoding=\"async\" class=\"alignnone wp-image-581 size-full\" src=\"http:\/\/www.tierfreunde.it\/wp-content\/uploads\/animal-welfare-1116205_1920.jpg\" alt=\"\" width=\"1920\" height=\"1357\" data-headline=\"animal-welfare-1116205_1920\" \/><\/p>\n<p>&nbsp;<\/p>\n<h2><strong>Kontakt<\/strong><\/h2>\n<p>Bei Fragen zum Tierschutz bei Nutz- und Heimtieren k\u00f6nnen Sie sich an den <a class=\"lv_external_link\" title=\"[Externer Link] \u2013 Homepage S\u00fcdtiroler Sanit\u00e4tsbetrieb\" href=\"http:\/\/www.sabes.it\/de\/krankenhaeuser\/bozen\/tieraerztlicher-dienst-bz.asp\">betrieblichen tier\u00e4rztlichen Dienst des S\u00fcdtiroler Sanit\u00e4tsbetriebs<\/a> (Amtstierarzt) wenden. Der selbe Dienst ist auch zust\u00e4ndig f\u00fcr den Empfang von Meldungen im Falle von Tiermisshandlung.<\/p>\n<p>Im Falle von Wildtieren wenden Sie sich am besten an das <a class=\"lv_external_link\" title=\"[Externer Link] \u2013 Homepage Abteilung Forstwirtschaft\" href=\"http:\/\/www.provinz.bz.it\/land-forstwirtschaft\/forstdienst-foerster\/\">Amt f\u00fcr Jagd und Fischerei der Autonomen Provinz Bozen &#8211; S\u00fcdtirol<\/a>.<\/p>\n<p>Informationen \u00fcber das Washingtoner Artenschutz\u00fcbereinkommen CITES (Convention on International Trade in Endangered Species of Wild Fauna and Flora, deutsch \u00dcbereinkommen \u00fcber den internationalen Handel mit gef\u00e4hrdeten Arten freilebender Tiere und Pflanzen) erhalten Sie beim <a class=\"lv_external_link\" title=\"[Externer Link] \u2013 Homepage Abteilung Forstwirtschaft\" href=\"http:\/\/www.provinz.bz.it\/land-forstwirtschaft\/forstdienst-foerster\/\">Amt f\u00fcr Jagd und Fischerei<\/a>.<\/p>\n<p>\u00dcber das Haltungsverbot potentiell gef\u00e4hrlicher Tiere informiert sie ebenfalls das <a class=\"lv_external_link\" title=\"[Externer Link] \u2013 Homepage Abteilung Forstwirtschaft\" href=\"http:\/\/www.provinz.bz.it\/land-forstwirtschaft\/forstdienst-foerster\/\">Amt f\u00fcr Jagd und Fischerei<\/a>.<\/p>\n<p>&nbsp;<\/p>\n<h2><strong>Rechtsgrundlage<\/strong><\/h2>\n<p>In S\u00fcdtirol ist der Tierschutz mit dem <a class=\"lv_external_link\" title=\"[Externer Link] \u2013 Lexbrowser\" href=\"http:\/\/lexbrowser.provinz.bz.it\/doc\/de\/lp-2000-9\/landesgesetz_vom_15_mai_2000_nr_9.aspx?view=1&amp;a=2000&amp;n=9&amp;in=-\">Landesgesetz Nr. 9\/2000<\/a> <span class=\"lv_accessibility\">(Externer Link)<\/span> &#8222;Ma\u00dfnahmen zum Schutz der Tierwelt und zur Unterbindung des Streunens von Tieren&#8220; und dem <a class=\"lv_external_link\" title=\"[Externer Link] \u2013 Lexbrowser\" href=\"http:\/\/lexbrowser.provinz.bz.it\/doc\/de\/197176\/dekret_des_landeshauptmanns_vom_8_juli_2013_nr_19.aspx?view=1&amp;a=2013&amp;n=19&amp;in=-\">Dekret des Landeshauptmanns Nr. 19\/2013<\/a>\u00a0 &#8222;Durchf\u00fchrungsverordnung im Bereich Schutz der Tierwelt&#8220; geregelt.<\/p>\n<p>&nbsp;<\/p>\n<p><img loading=\"lazy\" decoding=\"async\" class=\"alignnone wp-image-583 size-large\" src=\"http:\/\/www.tierfreunde.it\/wp-content\/uploads\/cat-339707_1920-1024x682.jpg\" alt=\"\" width=\"1024\" height=\"682\" data-headline=\"cat-339707_1920\" \/><\/p>\n<p>&nbsp;<\/p>\n<h2><strong>Tierkennzeichnung und Registrierung<\/strong><\/h2>\n<p>Zur Haltung mancher Tiere geh\u00f6ren auch die Kennzeichnung und Registrierung. Darunter versteht man die eigentliche Identifizierung der Tiere, die Registrierung der gekennzeichneten Tiere in Bestandsregistern und Datenbanken, die Erfassung der Tierbewegungen (Zugang, Abgang) binnen festgesetzter Fristen und die Registrierung der Haltungen in Registern und Datenbanken. Diese Ma\u00dfnahmen dienen den Veterin\u00e4rbeh\u00f6rden vorrangig zur \u00dcberwachung des Tierverkehrs und somit der Vorbeugung von Tierseuchen. Weiter k\u00f6nnen mit Hilfe der Datenbanken Informationen zum Tierschutz und zur Herkunft bestimmter tierischer Lebensmittel (z.B.: Rindfleischetikettierung) vermittelt werden.<\/p>\n<h3><strong>Nutztiere<\/strong><\/h3>\n<p>Rinder, Schafe, Ziegen, Pferdeartige, Schweine, Kameliden usw. m\u00fcssen in der Viehdatenbank eingetragen sein. Dies gilt auch f\u00fcr Nutztiere, die als Heimtier gehalten werden. Mit der Kennzeichnung dieser Tiere ist in unserer Provinz die <a class=\"lv_external_link\" title=\"[Externer Link] \u2013 Homepage Vereinigung der S\u00fcdtiroler Tierzuchtverb\u00e4nde\" href=\"http:\/\/www.vstz.it\/\">Vereinigung der S\u00fcdtiroler Tierzuchtverb\u00e4nde<\/a> betraut. Um in Erfahrung zu bringen, welche Bedingungen schon vor dem Einstellen eines Nutztiers erf\u00fcllt sein m\u00fcssen, kann man sich an den <a class=\"lv_external_link\" title=\"[Externer Link] \u2013 Homepage S\u00fcdtiroler Sanit\u00e4tsbetrieb\" href=\"http:\/\/www.sabes.it\/de\/krankenhaeuser\/bozen\/tieraerztlicher-dienst-bz.asp\">betrieblichen tier\u00e4rztlichen Dienst des S\u00fcdtiroler Sanit\u00e4tsbetriebs<\/a> (Amtstierarzt) wenden.<\/p>\n<p>&nbsp;<\/p>\n<p><img loading=\"lazy\" decoding=\"async\" class=\"alignnone wp-image-591 size-large\" src=\"http:\/\/www.tierfreunde.it\/wp-content\/uploads\/miniature-pig-2183685_1920-1024x675.jpg\" alt=\"\" width=\"1024\" height=\"675\" data-headline=\"miniature-pig-2183685_1920\" \/><\/p>\n<h3><\/h3>\n<h3><strong>Heimtiere<\/strong><\/h3>\n<p>Katzen und Frettchen k\u00f6nnen, Hunde dagegen m\u00fcssen in der Datenbank des S\u00fcdtiroler Sanit\u00e4tsbetriebs vermerkt werden. Die Kennzeichnung f\u00fchren vom S\u00fcdtiroler Sanit\u00e4tsbetrieb erm\u00e4chtigte Freiberufstier\u00e4rzte durch. Die darauf folgende Eintragung in die Datenbank erledigt der Tierhalter beim <a class=\"lv_external_link\" title=\"[Externer Link] \u2013 Homepage S\u00fcdtiroler Sanit\u00e4tsbetrieb\" href=\"http:\/\/www.sabes.it\/de\/krankenhaeuser\/bozen\/tieraerztlicher-dienst-bz.asp\">betrieblichen tier\u00e4rztlichen Dienst des S\u00fcdtiroler Sanit\u00e4tsbetriebs<\/a>.<br \/>\nLeider wird allzu oft \u00fcbersehen, dass f\u00fcr Nutztiere, die als Heimtier gehalten werden (z.B. Zwergziegen, Zwergschafe, Minischweine), die gleichen Bedingungen gelten wie f\u00fcr reine Nutztiere. Am besten informiert man sich noch vor der Anschaffung beim <a class=\"lv_external_link\" title=\"[Externer Link] \u2013 Homepage S\u00fcdtiroler Sanit\u00e4tsbetrieb\" href=\"http:\/\/www.sabes.it\/de\/krankenhaeuser\/bozen\/tieraerztlicher-dienst-bz.asp\">betrieblichen tier\u00e4rztlichen Dienst des S\u00fcdtiroler Sanit\u00e4tsbetriebs<\/a> (Amtstierarzt).<\/p>\n<p>&nbsp;<\/p>\n<h2><strong>Links<\/strong><\/h2>\n<ul>\n<li>Abteilung Forstwirtschaft der Autonomen Provinz Bozen &#8211; S\u00fcdtirol: <a class=\"lv_external_link\" title=\"[Externer Link] \u2013 Abteilung Forstwirtschaft\" href=\"http:\/\/www.provinz.bz.it\/land-forstwirtschaft\/forstdienst-foerster\/\">http:\/\/www.provinz.bz.it\/land-forstwirtschaft\/forstdienst-foerster\/<\/a> <span class=\"lv_accessibility\">(Externer Link)<\/span><\/li>\n<li>S\u00fcdtiroler Sanit\u00e4tsbetrieb: <a class=\"lv_external_link\" title=\"[Externer Link] \u2013 Homepage S\u00fcdtiroler Sanit\u00e4tsbetrieb\" href=\"http:\/\/www.sabes.it\">www.sabes.it<\/a> <span class=\"lv_accessibility\">(Externer Link)<\/span><\/li>\n<li>Vereinigung der S\u00fcdtiroler Tierzuchtverb\u00e4nde: <a class=\"lv_external_link\" title=\"[Externer Link] \u2013 Homepage Vereinigung der S\u00fcdtiroler Tierzuchtverb\u00e4nde\" href=\"http:\/\/www.vstz.it\">www.vstz.it<\/a> <span class=\"lv_accessibility\">(Externer Link)<\/span><\/li>\n<li>Informationsportal des Bundesamts f\u00fcr Veterin\u00e4rwesen (Schweiz): <a class=\"lv_external_link\" title=\"[Externer Link] \u2013 Homepage Bundesamt f\u00fcr Lebensmittelsicherheit und Veterin\u00e4rwesen der Schweiz (BLV)\" href=\"https:\/\/www.blv.admin.ch\/blv\/de\/home\/tiere\/tierschutz.html\">www.blv.admin.ch <\/a><span class=\"lv_accessibility\"><br \/>\n<\/span><\/li>\n<li>Versuchsinstitut f\u00fcr Tierseuchenbek\u00e4mpfung der Venetien: <a class=\"lv_external_link\" title=\"[Externer Link] \u2013 Homepage Versuchsinstitut f\u00fcr Tierseuchenbek\u00e4mpfung der Venetien\" href=\"https:\/\/www.izsvenezie.it\">www.izsvenezie.it<\/a><span class=\"lv_accessibility\"><br \/>\n<\/span><\/li>\n<li>Homepage \u00fcber das \u00dcbereinkommen \u00fcber den internationalen Handel mit gef\u00e4hrdeten Arten freilebender Tiere und Pflanzen (CITES): <a class=\"lv_external_link\" title=\"[Externer Link] \u2013 Homepage \u00dcbereinkommen \u00fcber den internationalen Handel mit gef\u00e4hrdeten Arten freilebender Tiere und Pflanzen (CITES)\" href=\"https:\/\/cites.org\/\">cites.org<\/a><\/li>\n<\/ul>\n<p>&nbsp;<\/p>\n<p><em>Die oben stehenden Informationen zum Tierschutz in S\u00fcdtirol stammen von der Internetseite der<br \/>\n<a href=\"http:\/\/www.provinz.bz.it\/land-forstwirtschaft\/landwirtschaft\/viehwirtschaft-tierschutz\/tierhaltung-tierschutz-suedtirol.asp\">Provinz Bozen<\/a>. Alle Angaben: ohne Gew\u00e4hr.<\/em><\/p>\n","protected":false},"excerpt":{"rendered":"<p>Tierschutzgesetze wurden zu dem Zweck erlassen, um das Leben und Wohlbefinden von Tieren zu sch\u00fctzen. Der Grundsatz lautet: \u201eNiemand darf [&hellip;]<\/p>\n","protected":false},"author":1,"featured_media":0,"parent":20,"menu_order":0,"comment_status":"closed","ping_status":"closed","template":"","meta":{"_acf_changed":false,"footnotes":""},"acf":[],"yoast_head":"<!-- This site is optimized with the Yoast SEO plugin v20.13 - https:\/\/yoast.com\/wordpress\/plugins\/seo\/ -->\n<title>Tierschutz-Gesetze - S\u00fcdtiroler Tierfreundeverein<\/title>\n<meta name=\"robots\" content=\"index, follow, max-snippet:-1, max-image-preview:large, max-video-preview:-1\" \/>\n<link rel=\"canonical\" href=\"https:\/\/www.tierfreunde.it\/de\/tipps-hilfe\/tierschutz-gesetze\/\" \/>\n<meta property=\"og:locale\" content=\"de_DE\" \/>\n<meta property=\"og:type\" content=\"article\" \/>\n<meta property=\"og:title\" content=\"Tierschutz-Gesetze - S\u00fcdtiroler Tierfreundeverein\" \/>\n<meta property=\"og:description\" content=\"Tierschutzgesetze wurden zu dem Zweck erlassen, um das Leben und Wohlbefinden von Tieren zu sch\u00fctzen. Der Grundsatz lautet: \u201eNiemand darf [&hellip;]\" \/>\n<meta property=\"og:url\" content=\"https:\/\/www.tierfreunde.it\/de\/tipps-hilfe\/tierschutz-gesetze\/\" \/>\n<meta property=\"og:site_name\" content=\"S\u00fcdtiroler Tierfreundeverein\" \/>\n<meta property=\"article:modified_time\" content=\"2018-10-15T16:07:15+00:00\" \/>\n<meta property=\"og:image\" content=\"http:\/\/www.tierfreunde.it\/wp-content\/uploads\/animal-welfare-1116205_1920.jpg\" \/>\n<meta name=\"twitter:card\" content=\"summary_large_image\" \/>\n<meta name=\"twitter:label1\" content=\"Est. reading time\" \/>\n\t<meta name=\"twitter:data1\" content=\"3 Minuten\" \/>\n<script type=\"application\/ld+json\" class=\"yoast-schema-graph\">{\"@context\":\"https:\/\/schema.org\",\"@graph\":[{\"@type\":\"WebPage\",\"@id\":\"https:\/\/www.tierfreunde.it\/de\/tipps-hilfe\/tierschutz-gesetze\/\",\"url\":\"https:\/\/www.tierfreunde.it\/de\/tipps-hilfe\/tierschutz-gesetze\/\",\"name\":\"Tierschutz-Gesetze - S\u00fcdtiroler Tierfreundeverein\",\"isPartOf\":{\"@id\":\"https:\/\/www.tierfreunde.it\/de\/#website\"},\"datePublished\":\"2017-09-18T16:42:34+00:00\",\"dateModified\":\"2018-10-15T16:07:15+00:00\",\"breadcrumb\":{\"@id\":\"https:\/\/www.tierfreunde.it\/de\/tipps-hilfe\/tierschutz-gesetze\/#breadcrumb\"},\"inLanguage\":\"de-DE\",\"potentialAction\":[{\"@type\":\"ReadAction\",\"target\":[\"https:\/\/www.tierfreunde.it\/de\/tipps-hilfe\/tierschutz-gesetze\/\"]}]},{\"@type\":\"BreadcrumbList\",\"@id\":\"https:\/\/www.tierfreunde.it\/de\/tipps-hilfe\/tierschutz-gesetze\/#breadcrumb\",\"itemListElement\":[{\"@type\":\"ListItem\",\"position\":1,\"name\":\"Startseite\",\"item\":\"https:\/\/www.tierfreunde.it\/de\/\"},{\"@type\":\"ListItem\",\"position\":2,\"name\":\"Tipps &#038; Hilfe\",\"item\":\"https:\/\/www.tierfreunde.it\/de\/tipps-hilfe\/\"},{\"@type\":\"ListItem\",\"position\":3,\"name\":\"Tierschutz-Gesetze\"}]},{\"@type\":\"WebSite\",\"@id\":\"https:\/\/www.tierfreunde.it\/de\/#website\",\"url\":\"https:\/\/www.tierfreunde.it\/de\/\",\"name\":\"S\u00fcdtiroler Tierfreundeverein\",\"description\":\"\",\"potentialAction\":[{\"@type\":\"SearchAction\",\"target\":{\"@type\":\"EntryPoint\",\"urlTemplate\":\"https:\/\/www.tierfreunde.it\/de\/?s={search_term_string}\"},\"query-input\":\"required name=search_term_string\"}],\"inLanguage\":\"de-DE\"}]}<\/script>\n<!-- \/ Yoast SEO plugin. -->","yoast_head_json":{"title":"Tierschutz-Gesetze - S\u00fcdtiroler Tierfreundeverein","robots":{"index":"index","follow":"follow","max-snippet":"max-snippet:-1","max-image-preview":"max-image-preview:large","max-video-preview":"max-video-preview:-1"},"canonical":"https:\/\/www.tierfreunde.it\/de\/tipps-hilfe\/tierschutz-gesetze\/","og_locale":"de_DE","og_type":"article","og_title":"Tierschutz-Gesetze - S\u00fcdtiroler Tierfreundeverein","og_description":"Tierschutzgesetze wurden zu dem Zweck erlassen, um das Leben und Wohlbefinden von Tieren zu sch\u00fctzen. Der Grundsatz lautet: \u201eNiemand darf [&hellip;]","og_url":"https:\/\/www.tierfreunde.it\/de\/tipps-hilfe\/tierschutz-gesetze\/","og_site_name":"S\u00fcdtiroler Tierfreundeverein","article_modified_time":"2018-10-15T16:07:15+00:00","og_image":[{"url":"http:\/\/www.tierfreunde.it\/wp-content\/uploads\/animal-welfare-1116205_1920.jpg"}],"twitter_card":"summary_large_image","twitter_misc":{"Est. reading time":"3 Minuten"},"schema":{"@context":"https:\/\/schema.org","@graph":[{"@type":"WebPage","@id":"https:\/\/www.tierfreunde.it\/de\/tipps-hilfe\/tierschutz-gesetze\/","url":"https:\/\/www.tierfreunde.it\/de\/tipps-hilfe\/tierschutz-gesetze\/","name":"Tierschutz-Gesetze - S\u00fcdtiroler Tierfreundeverein","isPartOf":{"@id":"https:\/\/www.tierfreunde.it\/de\/#website"},"datePublished":"2017-09-18T16:42:34+00:00","dateModified":"2018-10-15T16:07:15+00:00","breadcrumb":{"@id":"https:\/\/www.tierfreunde.it\/de\/tipps-hilfe\/tierschutz-gesetze\/#breadcrumb"},"inLanguage":"de-DE","potentialAction":[{"@type":"ReadAction","target":["https:\/\/www.tierfreunde.it\/de\/tipps-hilfe\/tierschutz-gesetze\/"]}]},{"@type":"BreadcrumbList","@id":"https:\/\/www.tierfreunde.it\/de\/tipps-hilfe\/tierschutz-gesetze\/#breadcrumb","itemListElement":[{"@type":"ListItem","position":1,"name":"Startseite","item":"https:\/\/www.tierfreunde.it\/de\/"},{"@type":"ListItem","position":2,"name":"Tipps &#038; Hilfe","item":"https:\/\/www.tierfreunde.it\/de\/tipps-hilfe\/"},{"@type":"ListItem","position":3,"name":"Tierschutz-Gesetze"}]},{"@type":"WebSite","@id":"https:\/\/www.tierfreunde.it\/de\/#website","url":"https:\/\/www.tierfreunde.it\/de\/","name":"S\u00fcdtiroler Tierfreundeverein","description":"","potentialAction":[{"@type":"SearchAction","target":{"@type":"EntryPoint","urlTemplate":"https:\/\/www.tierfreunde.it\/de\/?s={search_term_string}"},"query-input":"required name=search_term_string"}],"inLanguage":"de-DE"}]}},"_links":{"self":[{"href":"https:\/\/www.tierfreunde.it\/de\/wp-json\/wp\/v2\/pages\/32"}],"collection":[{"href":"https:\/\/www.tierfreunde.it\/de\/wp-json\/wp\/v2\/pages"}],"about":[{"href":"https:\/\/www.tierfreunde.it\/de\/wp-json\/wp\/v2\/types\/page"}],"author":[{"embeddable":true,"href":"https:\/\/www.tierfreunde.it\/de\/wp-json\/wp\/v2\/users\/1"}],"replies":[{"embeddable":true,"href":"https:\/\/www.tierfreunde.it\/de\/wp-json\/wp\/v2\/comments?post=32"}],"version-history":[{"count":14,"href":"https:\/\/www.tierfreunde.it\/de\/wp-json\/wp\/v2\/pages\/32\/revisions"}],"predecessor-version":[{"id":593,"href":"https:\/\/www.tierfreunde.it\/de\/wp-json\/wp\/v2\/pages\/32\/revisions\/593"}],"up":[{"embeddable":true,"href":"https:\/\/www.tierfreunde.it\/de\/wp-json\/wp\/v2\/pages\/20"}],"wp:attachment":[{"href":"https:\/\/www.tierfreunde.it\/de\/wp-json\/wp\/v2\/media?parent=32"}],"curies":[{"name":"wp","href":"https:\/\/api.w.org\/{rel}","templated":true}]}}