{"id":550,"date":"2018-10-15T17:23:29","date_gmt":"2018-10-15T15:23:29","guid":{"rendered":"http:\/\/www.tierfreunde.it\/?page_id=550"},"modified":"2018-10-18T22:19:27","modified_gmt":"2018-10-18T20:19:27","slug":"gefahrenquellen-fuer-katzen","status":"publish","type":"page","link":"https:\/\/www.tierfreunde.it\/de\/tipps-hilfe\/tipps-fuer-tierhalter\/gefahrenquellen-fuer-katzen\/","title":{"rendered":"Gefahrenquellen f\u00fcr Katzen"},"content":{"rendered":"<p><img loading=\"lazy\" decoding=\"async\" class=\"alignnone wp-image-551 size-large\" src=\"http:\/\/www.tierfreunde.it\/wp-content\/uploads\/cat-649164_1920-1024x683.jpg\" alt=\"\" width=\"1024\" height=\"683\" data-headline=\"cat-649164_1920\" \/><\/p>\n<p class=\"western\">Manche Alltagsgegenst\u00e4nde oder Lebensmittel sind f\u00fcr Samtpfoten giftig oder gef\u00e4hrlich. Welche das sind, hier im \u00dcberblick:<\/p>\n<p>&nbsp;<\/p>\n<h2 class=\"western\"><strong>Balkone<\/strong><\/h2>\n<p class=\"western\">Jedes Jahr verungl\u00fccken viel zu viele Katzen bei einem Balkonsturz. Bei vielen Katzen ist jahrelang nie etwas passiert, aber trotzdem kann ein pl\u00f6tzliches lautes Ger\u00e4usch, das die Katze erschreckt oder ein vorbeifliegender Vogel schon ausreichen, dass die Katze das Gleichgewicht verliert.<br \/>\nGenauso k\u00f6nnen sich auch unerwartet Balkonk\u00e4sten aus der Verankerung l\u00f6sen, wenn eine gut gen\u00e4hrte Katze hineinspringt. So verschieden die Sturzursachen sein k\u00f6nnen, so vielf\u00e4ltig sind auch die m\u00f6glichen Folgen. Deshalb solltest du deinen Balkon sichern, beispielsweise mit geeigneten Netzen, die es im Zoofachhandel zu kaufen gibt.<\/p>\n<p>&nbsp;<\/p>\n<h2 class=\"western\"><strong>Elektrokabel<\/strong><\/h2>\n<p class=\"western\">Kabel stellen f\u00fcr einige Katzen eine gro\u00dfe Verlockung dar. Besonders junge Katzen knabbern gerne an Kabeln. Generell sollten alle Kabel so verlegt werden, dass sie vor Katzen sicher sind. Freiliegende Kabel sollten mit Rohrschutzverkleidung gesichert werden und auch Steckdosen sollten \u201ekatzensicher\u201d gemacht werden. Hierzu gibt es im Handel spezielle Kindersicherungen, die auch Katzen Schutz gew\u00e4hren.<\/p>\n<p>&nbsp;<\/p>\n<h2 class=\"western\"><strong>Gummib\u00e4nder und Co.<\/strong><\/h2>\n<p class=\"western\">Beliebte, aber auch t\u00fcckische Katzenspielzeuge sind Gummib\u00e4nder, Geschenks- und Schuhb\u00e4nder sowie Schn\u00fcre, Kordeln, Wolle und Faden. Die Tiere k\u00f6nnen sich darin verheddern und dabei im schlimmsten Fall sogar Gliedma\u00dfen abschn\u00fcren. Auch besteht bei Verschlucken die Gefahr einer Magenverschlingung oder eines Darmverschlusses. Deswegen ist es \u00e4u\u00dferst wichtig, diese Utensilien \u201ekatzensicher\u201d zu verstauen.<\/p>\n<p>&nbsp;<\/p>\n<h2><strong>Halsb\u00e4nder<\/strong><\/h2>\n<p class=\"western\">Immer wieder gibt es F\u00e4lle von gefundenen Katzen, die schwerste Verletzungen von Halsb\u00e4ndern erlitten haben. Einem Katzenkind w\u00e4chst ein Halsband ein, wenn es nicht mehr nach Hause findet. Zudem kann eine Katze damit im Gestr\u00fcpp h\u00e4ngenbleiben \u2013 trotz elastischem Zug und Sicherheitsverschluss \u00fcber den die meisten Halsb\u00e4nder verf\u00fcgen. Er \u00f6ffnet sich nicht immer zuverl\u00e4ssig: die Katze kann sich selbst strangulieren. Beim Putzen kann sie mit einer Vorderpfote ins Halsband geraten und sich nicht mehr selbst befreien. Es schneidet sich ins Fleisch und f\u00fchrt zu schweren Verletzungen. In einigen F\u00e4llen muss der Vorderlauf sogar amputiert werden.<br \/>\nDerartige Unf\u00e4lle sind keine Seltenheit und lassen sich trotzt Sicherheitsmechanismen nicht vermeiden. Nur ein Mikrochip oder eine T\u00e4towierung im Ohr sind also eine sichere Kennzeichnung.<\/p>\n<p>&nbsp;<\/p>\n<h2 class=\"western\"><strong>Kippfenster<\/strong><\/h2>\n<p class=\"western\">Ein harmlos wirkendes gekipptes Fenster kann schnell gef\u00e4hrlich werden, wenn die Katze in den Spalt eines Kippfensters rutscht und sich den Brustkorb auf fatale Weise einklemmen. Fenster solltest du daher entweder immer geschlossen halten (was vermutlich nie eingehalten werden kann) oder sie besser mit einem speziellen Kippschutz versehen.<\/p>\n<p>&nbsp;<\/p>\n<h2 class=\"western\"><strong>Plastikt\u00fcten<\/strong><\/h2>\n<p class=\"western\">Katzen krabbeln gerne in T\u00fcten und k\u00f6nnen sich darin verfangen und wom\u00f6glich nicht wieder herauskommen. Das kann mit einem Schreck enden, aber auch schlimmer ausgehen. Eine andere Gefahr ist die, dass die Katze die Plastikt\u00fcte auseinander nimmt, reinbeisst und Teile verschluckt. Deshalb ist es besser, s\u00e4mtliche T\u00fcten einzusammeln und \u201ekatzensicher\u201d zu verwahren.<\/p>\n<p>&nbsp;<\/p>\n<h2 class=\"western\"><strong>Waschmaschine\/Trockner<\/strong><\/h2>\n<p class=\"western\">Waschmaschine oder W\u00e4schetrockner sollten nicht offen stehen gelassen werden, denn Katzen verstecken sich gerne in engen H\u00f6hlen. Wenn man dies trotzdem tut, sollte man generell immer einen kontrollierenden Blick in die Waschmaschine oder den Trockner werfen, bevor man die Maschinen in Gang setzt.<br \/>\nEs ist schon oft passiert, dass sich eine Katze in die Waschmaschine gelegt und niemand die Maschine vor dem Waschen kontrolliert hat.<\/p>\n<p>&nbsp;<\/p>\n<h2 class=\"western\"><strong>Dosen und Deckel<\/strong><\/h2>\n<p class=\"western\">Ge\u00f6ffnete Blechdosen solltest du am besten sofort hinter einer geschlossenen T\u00fcr oder in einem Beh\u00e4lter mit sicherem Deckel verstauen. Die R\u00e4nder dieser Dosen sind \u00e4u\u00dferst scharf und die Katze kann sich daran die Zunge verletzen. Au\u00dferdem k\u00f6nnte es passieren, dass die Katze den Kopf in die Dose steckt und nicht mehr imstande ist, sich zu befreien.<\/p>\n<p>&nbsp;<\/p>\n<h2 class=\"western\"><strong>Giftige Pflanzen<\/strong><\/h2>\n<p class=\"western\">Die Liste der bekanntesten <a href=\"http:\/\/www.tierfreunde.it\/de\/tipps-hilfe\/tipps-fuer-tierhalter\/giftpflanzen-fuer-hunde-und-katzen\/\"><span lang=\"zxx\">Giftpflanzen<\/span><\/a> ist lang und du solltest dich daher genau Informieren welche Zimmerpflanzen unbedenklich sind.<br \/>\nF\u00fcr Wohnungskatzen ist die Gefahr einer Vergiftung weitaus gr\u00f6\u00dfer als f\u00fcr Freig\u00e4nger, denn auch das Angebot von Schalen mit Katzengras oder Zyperngras kann die naturgem\u00e4\u00df neugierige Katze oft nicht davon abhalten, auch von anderen Pflanzen in der Wohnung zu naschen.<br \/>\nPflanzenvergiftungen k\u00f6nnen t\u00f6dlich sein, deshalb solltest du dich schon bei Verdacht am besten sofort mit einem Tierarzt in Verbindung setzen.<\/p>\n<p>&nbsp;<\/p>\n<h2 class=\"western\"><strong>Herdplatten und Pfannen<\/strong><\/h2>\n<p class=\"western\">Hei\u00dfe Herdplatten und Backofent\u00fcren stellen f\u00fcr unsere Kletterk\u00fcnstler eine sehr gro\u00dfe Gefahrenquelle dar. Schwerste Verbrennungen an den Pfoten k\u00f6nnen die Folgen dieser Bekanntschaft sein. Daher gilt, dass man niemals den hei\u00dfen Herd bzw. den hei\u00dfen ge\u00f6ffneten Backofen unbeaufsichtigt l\u00e4sst. Man kann notfalls die K\u00fcchent\u00fcre schlie\u00dfen, um zu vermeiden, dass die Katze doch in Ber\u00fchrung mit der Herdplatte kommt. Backofent\u00fcren sollten, wenn sie hei\u00df sind, sofort wieder geschlossen werden. Ist eine Kochplatte noch hei\u00df, so stellt man am besten einen Topf mit Wasser auf sie, so dass die Katze nicht mit der hei\u00dfen Herdplatte in Ber\u00fchrung kommen kann.<\/p>\n<p>&nbsp;<\/p>\n<h2 class=\"western\"><strong>Zerbrechliches<\/strong><\/h2>\n<p class=\"western\">Wer eine Katze hat, sollte zerbrechliche Gegenst\u00e4nde immer au\u00dfer Reichweite bringen. Katzen spielen mit allen greifbaren Gegenst\u00e4nden. Bitte kontrolliere auch regelm\u00e4\u00dfig Fensterbretter und Regale. Dies gilt in jedem Fall auch f\u00fcr scharfe K\u00fcchenger\u00e4te, da besonders dort die Gefahr f\u00fcr Schnittverletzungen besteht.<\/p>\n<p>&nbsp;<\/p>\n<h2><strong>Giftige Lebensmittel<\/strong><\/h2>\n<h3 class=\"western\">Schokolade<\/h3>\n<p class=\"western\">Schokolade ist f\u00fcr Katzen giftig. Der Bestandteil der Schokolade, welche f\u00fcr deine Katze giftig ist, hei\u00dft Theobromin.\u00a0Kakao, Kochschokolade und dunkle Schokolade haben dabei die h\u00f6chsten Theobromin-Werte, w\u00e4hrend Milchschokolade oder wei\u00dfe Schokolade niedrigere Werte haben. Um sicher zu gehen, dass deine Katze keine Schokolade fressen kann, solltest du Schokolade immer au\u00dferhalb der Reichweite deiner Katze verwahren. Das gilt vor allem auch zu Weihnachten.<\/p>\n<h3>Weintrauben und Rosinen<\/h3>\n<p>Weintrauben und Rosinen sind f\u00fcr Katzen giftig. Nach dem Verzehr der s\u00fc\u00dfen Fr\u00fcchte k\u00f6nnen Katzen mit Erbrechen, Durchfall, Magenkr\u00e4mpfen und Zittern reagieren. Bei einer hohen Dosierung kann die Aufnahme ein Nierenversagen verursachen und sogar t\u00f6dlich verlaufen.<\/p>\n<h3>Was ist im Notfall zu tun?<\/h3>\n<ul class=\"numeration\">\n<li><strong>Ruhe bewahren<\/strong><\/li>\n<li>Beim Tierarzt oder dem <a href=\"http:\/\/www.tieraerztekammer.com\/bereitschaftsdienste\/\">tier\u00e4rztlichen Notdienst<\/a> anrufen und bereits vor der Fahrt zum Tierarzt das Praxisteam informieren, was und wie viel der Hund gefressen hat<\/li>\n<li>Falls m\u00f6glich, die Verpackung des Lebensmittels aufheben (vor allem bei Schokolade und anderen S\u00fc\u00dfigkeiten, um die Zusammensetzung pr\u00fcfen zu k\u00f6nnen)<\/li>\n<li>Nicht selbst, ohne Beratung durch den Tierarzt, Erbrechen des Hundes ausl\u00f6sen<\/li>\n<\/ul>\n","protected":false},"excerpt":{"rendered":"<p>Manche Alltagsgegenst\u00e4nde oder Lebensmittel sind f\u00fcr Samtpfoten giftig oder gef\u00e4hrlich. Welche das sind, hier im \u00dcberblick: &nbsp; Balkone Jedes Jahr [&hellip;]<\/p>\n","protected":false},"author":3,"featured_media":0,"parent":30,"menu_order":0,"comment_status":"closed","ping_status":"closed","template":"","meta":{"_acf_changed":false,"footnotes":""},"acf":[],"yoast_head":"<!-- This site is optimized with the Yoast SEO plugin v20.13 - https:\/\/yoast.com\/wordpress\/plugins\/seo\/ -->\n<title>Gefahrenquellen f\u00fcr Katzen - S\u00fcdtiroler Tierfreundeverein<\/title>\n<meta name=\"robots\" content=\"index, follow, max-snippet:-1, max-image-preview:large, max-video-preview:-1\" \/>\n<link rel=\"canonical\" href=\"https:\/\/www.tierfreunde.it\/de\/tipps-hilfe\/tipps-fuer-tierhalter\/gefahrenquellen-fuer-katzen\/\" \/>\n<meta property=\"og:locale\" content=\"de_DE\" \/>\n<meta property=\"og:type\" content=\"article\" \/>\n<meta property=\"og:title\" content=\"Gefahrenquellen f\u00fcr Katzen - S\u00fcdtiroler Tierfreundeverein\" \/>\n<meta property=\"og:description\" content=\"Manche Alltagsgegenst\u00e4nde oder Lebensmittel sind f\u00fcr Samtpfoten giftig oder gef\u00e4hrlich. Welche das sind, hier im \u00dcberblick: &nbsp; Balkone Jedes Jahr [&hellip;]\" \/>\n<meta property=\"og:url\" content=\"https:\/\/www.tierfreunde.it\/de\/tipps-hilfe\/tipps-fuer-tierhalter\/gefahrenquellen-fuer-katzen\/\" \/>\n<meta property=\"og:site_name\" content=\"S\u00fcdtiroler Tierfreundeverein\" \/>\n<meta property=\"article:modified_time\" content=\"2018-10-18T20:19:27+00:00\" \/>\n<meta property=\"og:image\" content=\"http:\/\/www.tierfreunde.it\/wp-content\/uploads\/cat-649164_1920-1024x683.jpg\" \/>\n<meta name=\"twitter:card\" content=\"summary_large_image\" \/>\n<meta name=\"twitter:label1\" content=\"Est. reading time\" \/>\n\t<meta name=\"twitter:data1\" content=\"5 Minuten\" \/>\n<script type=\"application\/ld+json\" class=\"yoast-schema-graph\">{\"@context\":\"https:\/\/schema.org\",\"@graph\":[{\"@type\":\"WebPage\",\"@id\":\"https:\/\/www.tierfreunde.it\/de\/tipps-hilfe\/tipps-fuer-tierhalter\/gefahrenquellen-fuer-katzen\/\",\"url\":\"https:\/\/www.tierfreunde.it\/de\/tipps-hilfe\/tipps-fuer-tierhalter\/gefahrenquellen-fuer-katzen\/\",\"name\":\"Gefahrenquellen f\u00fcr Katzen - S\u00fcdtiroler Tierfreundeverein\",\"isPartOf\":{\"@id\":\"https:\/\/www.tierfreunde.it\/de\/#website\"},\"datePublished\":\"2018-10-15T15:23:29+00:00\",\"dateModified\":\"2018-10-18T20:19:27+00:00\",\"breadcrumb\":{\"@id\":\"https:\/\/www.tierfreunde.it\/de\/tipps-hilfe\/tipps-fuer-tierhalter\/gefahrenquellen-fuer-katzen\/#breadcrumb\"},\"inLanguage\":\"de-DE\",\"potentialAction\":[{\"@type\":\"ReadAction\",\"target\":[\"https:\/\/www.tierfreunde.it\/de\/tipps-hilfe\/tipps-fuer-tierhalter\/gefahrenquellen-fuer-katzen\/\"]}]},{\"@type\":\"BreadcrumbList\",\"@id\":\"https:\/\/www.tierfreunde.it\/de\/tipps-hilfe\/tipps-fuer-tierhalter\/gefahrenquellen-fuer-katzen\/#breadcrumb\",\"itemListElement\":[{\"@type\":\"ListItem\",\"position\":1,\"name\":\"Startseite\",\"item\":\"https:\/\/www.tierfreunde.it\/de\/\"},{\"@type\":\"ListItem\",\"position\":2,\"name\":\"Tipps &#038; Hilfe\",\"item\":\"https:\/\/www.tierfreunde.it\/de\/tipps-hilfe\/\"},{\"@type\":\"ListItem\",\"position\":3,\"name\":\"Tipps f\u00fcr Tierhalter\",\"item\":\"https:\/\/www.tierfreunde.it\/de\/tipps-hilfe\/tipps-fuer-tierhalter\/\"},{\"@type\":\"ListItem\",\"position\":4,\"name\":\"Gefahrenquellen f\u00fcr Katzen\"}]},{\"@type\":\"WebSite\",\"@id\":\"https:\/\/www.tierfreunde.it\/de\/#website\",\"url\":\"https:\/\/www.tierfreunde.it\/de\/\",\"name\":\"S\u00fcdtiroler Tierfreundeverein\",\"description\":\"\",\"potentialAction\":[{\"@type\":\"SearchAction\",\"target\":{\"@type\":\"EntryPoint\",\"urlTemplate\":\"https:\/\/www.tierfreunde.it\/de\/?s={search_term_string}\"},\"query-input\":\"required name=search_term_string\"}],\"inLanguage\":\"de-DE\"}]}<\/script>\n<!-- \/ Yoast SEO plugin. -->","yoast_head_json":{"title":"Gefahrenquellen f\u00fcr Katzen - S\u00fcdtiroler Tierfreundeverein","robots":{"index":"index","follow":"follow","max-snippet":"max-snippet:-1","max-image-preview":"max-image-preview:large","max-video-preview":"max-video-preview:-1"},"canonical":"https:\/\/www.tierfreunde.it\/de\/tipps-hilfe\/tipps-fuer-tierhalter\/gefahrenquellen-fuer-katzen\/","og_locale":"de_DE","og_type":"article","og_title":"Gefahrenquellen f\u00fcr Katzen - S\u00fcdtiroler Tierfreundeverein","og_description":"Manche Alltagsgegenst\u00e4nde oder Lebensmittel sind f\u00fcr Samtpfoten giftig oder gef\u00e4hrlich. Welche das sind, hier im \u00dcberblick: &nbsp; Balkone Jedes Jahr [&hellip;]","og_url":"https:\/\/www.tierfreunde.it\/de\/tipps-hilfe\/tipps-fuer-tierhalter\/gefahrenquellen-fuer-katzen\/","og_site_name":"S\u00fcdtiroler Tierfreundeverein","article_modified_time":"2018-10-18T20:19:27+00:00","og_image":[{"url":"http:\/\/www.tierfreunde.it\/wp-content\/uploads\/cat-649164_1920-1024x683.jpg"}],"twitter_card":"summary_large_image","twitter_misc":{"Est. reading time":"5 Minuten"},"schema":{"@context":"https:\/\/schema.org","@graph":[{"@type":"WebPage","@id":"https:\/\/www.tierfreunde.it\/de\/tipps-hilfe\/tipps-fuer-tierhalter\/gefahrenquellen-fuer-katzen\/","url":"https:\/\/www.tierfreunde.it\/de\/tipps-hilfe\/tipps-fuer-tierhalter\/gefahrenquellen-fuer-katzen\/","name":"Gefahrenquellen f\u00fcr Katzen - S\u00fcdtiroler Tierfreundeverein","isPartOf":{"@id":"https:\/\/www.tierfreunde.it\/de\/#website"},"datePublished":"2018-10-15T15:23:29+00:00","dateModified":"2018-10-18T20:19:27+00:00","breadcrumb":{"@id":"https:\/\/www.tierfreunde.it\/de\/tipps-hilfe\/tipps-fuer-tierhalter\/gefahrenquellen-fuer-katzen\/#breadcrumb"},"inLanguage":"de-DE","potentialAction":[{"@type":"ReadAction","target":["https:\/\/www.tierfreunde.it\/de\/tipps-hilfe\/tipps-fuer-tierhalter\/gefahrenquellen-fuer-katzen\/"]}]},{"@type":"BreadcrumbList","@id":"https:\/\/www.tierfreunde.it\/de\/tipps-hilfe\/tipps-fuer-tierhalter\/gefahrenquellen-fuer-katzen\/#breadcrumb","itemListElement":[{"@type":"ListItem","position":1,"name":"Startseite","item":"https:\/\/www.tierfreunde.it\/de\/"},{"@type":"ListItem","position":2,"name":"Tipps &#038; Hilfe","item":"https:\/\/www.tierfreunde.it\/de\/tipps-hilfe\/"},{"@type":"ListItem","position":3,"name":"Tipps f\u00fcr Tierhalter","item":"https:\/\/www.tierfreunde.it\/de\/tipps-hilfe\/tipps-fuer-tierhalter\/"},{"@type":"ListItem","position":4,"name":"Gefahrenquellen f\u00fcr Katzen"}]},{"@type":"WebSite","@id":"https:\/\/www.tierfreunde.it\/de\/#website","url":"https:\/\/www.tierfreunde.it\/de\/","name":"S\u00fcdtiroler Tierfreundeverein","description":"","potentialAction":[{"@type":"SearchAction","target":{"@type":"EntryPoint","urlTemplate":"https:\/\/www.tierfreunde.it\/de\/?s={search_term_string}"},"query-input":"required name=search_term_string"}],"inLanguage":"de-DE"}]}},"_links":{"self":[{"href":"https:\/\/www.tierfreunde.it\/de\/wp-json\/wp\/v2\/pages\/550"}],"collection":[{"href":"https:\/\/www.tierfreunde.it\/de\/wp-json\/wp\/v2\/pages"}],"about":[{"href":"https:\/\/www.tierfreunde.it\/de\/wp-json\/wp\/v2\/types\/page"}],"author":[{"embeddable":true,"href":"https:\/\/www.tierfreunde.it\/de\/wp-json\/wp\/v2\/users\/3"}],"replies":[{"embeddable":true,"href":"https:\/\/www.tierfreunde.it\/de\/wp-json\/wp\/v2\/comments?post=550"}],"version-history":[{"count":10,"href":"https:\/\/www.tierfreunde.it\/de\/wp-json\/wp\/v2\/pages\/550\/revisions"}],"predecessor-version":[{"id":738,"href":"https:\/\/www.tierfreunde.it\/de\/wp-json\/wp\/v2\/pages\/550\/revisions\/738"}],"up":[{"embeddable":true,"href":"https:\/\/www.tierfreunde.it\/de\/wp-json\/wp\/v2\/pages\/30"}],"wp:attachment":[{"href":"https:\/\/www.tierfreunde.it\/de\/wp-json\/wp\/v2\/media?parent=550"}],"curies":[{"name":"wp","href":"https:\/\/api.w.org\/{rel}","templated":true}]}}