{"id":700,"date":"2018-10-18T11:57:16","date_gmt":"2018-10-18T09:57:16","guid":{"rendered":"http:\/\/www.tierfreunde.it\/?page_id=700"},"modified":"2018-10-18T22:10:53","modified_gmt":"2018-10-18T20:10:53","slug":"kaninchen-artgerecht-halten","status":"publish","type":"page","link":"https:\/\/www.tierfreunde.it\/de\/tipps-hilfe\/tipps-fuer-tierhalter\/kaninchen-artgerecht-halten\/","title":{"rendered":"Kaninchen artgerecht halten"},"content":{"rendered":"<p><img loading=\"lazy\" decoding=\"async\" class=\"alignnone wp-image-701 size-full\" src=\"http:\/\/www.tierfreunde.it\/wp-content\/uploads\/rabbit-3716254_1920.jpg\" alt=\"\" width=\"1920\" height=\"1278\" data-headline=\"rabbit-3716254_1920\" \/><\/p>\n<p>&nbsp;<\/p>\n<p class=\"western\">Kaninchen sind niedlich, vor allem wenn sie noch klein sind. Aber Kaninchen sind <strong>keine Kuscheltiere<\/strong>, sondern als Fluchttiere \u00e4u\u00dferst sensibel und aufwendig zu halten.<\/p>\n<p class=\"western\">Die Nagetiere haben einen \u00e4hnlichen Bewegungsdrang wie Katzen. Dennoch m\u00fcssen sie meistens immer noch in kleinen K\u00e4figen dahinvegetieren. Wenn du dir also ein Kaninchen anschaffen m\u00f6chtest, musst du vorher einiges bedenken.<\/p>\n<p>Herk\u00f6mmliche Hasenst\u00e4lle oder K\u00e4fige aus der Zoohandlung sind viel zu klein. Ein artgerechtes Gehege musst du daher selber bauen. Die artgerechteste Haltung ist und bleibt die Au\u00dfenhaltung, denn Kaninchen wollen rennen, Haken schlagen und buddeln. Idealerweise werden Kaninchen in einem gro\u00dfz\u00fcgigen Gehege im eigenen Garten gehalten. F\u00fcr zwei Tiere sollte das Gehege mindestens vier Quadratmeter gro\u00df sein, f\u00fcr jedes weitere, zwei zus\u00e4tzliche Quadratmeter.<\/p>\n<p>Im Gegensatz zu Hasen leben Kaninchen in Gruppen und d\u00fcrfen <b>nie<\/b> alleine gehalten werden, sondern mindestens zu zweit (am besten vertr\u00e4glich sind ein kastrierter Rammler und eine H\u00e4sin), besser aber zu dritt oder gar in einer gro\u00dfen Gruppe. <b>Wichtig: <\/b>Um Nachwuchs zu verhindern, sollten die Rammler kastriert sein. Kaninchen brauchen viel Platz. Zus\u00e4tzlich zum Gehege sollte den Tieren ein gro\u00dfer Freilaufbereich zur Verf\u00fcgung stehen, in den sie tags\u00fcber rausd\u00fcrfen.<\/p>\n<p><b>Wichtig:<\/b> Auch nachts d\u00fcrfen Kaninchen nicht einfach irgendwo eingesperrt werden. Kaninchen sind wechselaktiv. Das hei\u00dft sie schlafen meist wenige Minuten bis zu zwei Stunden und sind dann wieder aktiv \u2013 auch nachts.<\/p>\n<figure id=\"attachment_734\" aria-describedby=\"caption-attachment-734\" style=\"width: 960px\" class=\"wp-caption alignnone\"><img loading=\"lazy\" decoding=\"async\" class=\"wp-image-734 size-full\" src=\"http:\/\/www.tierfreunde.it\/wp-content\/uploads\/42796964_1938210426482125_6410037633270939648_n.jpg\" alt=\"\" width=\"960\" height=\"540\" data-headline=\"42796964_1938210426482125_6410037633270939648_n\" \/><figcaption id=\"caption-attachment-734\" class=\"wp-caption-text\">Dieses Gehege von Tabea Berger zeigt, wie ein kleines Paradies f\u00fcr Nager aussehen kann. Sie h\u00e4lt sogar Kaninchen und Meerschweinchen zusammen.<\/figcaption><\/figure>\n<p class=\"western\">Das Gehege sollte nicht in der prallen Sonne sein, sondern viel Schatten bieten, damit es im Sommer nicht zu hei\u00df wird. Hilfreich ist dabei eine Teil\u00fcberdachung von rund zwei Dritteln. Um die Tiere vor Wind und Dauerregen zu sch\u00fctzen, m\u00fcssen au\u00dferdem zwei Seiten des Geheges geschlossen sein. Ein mit Stroh ausgepolsterter Unterschlupf sorgt f\u00fcr R\u00fcckzugsm\u00f6glichkeiten und den idealen Schlafplatz \u2013 auch im Winter. <b>Wichtig:<\/b> Einstreu regelm\u00e4\u00dfig wechseln, sie wird schnell feucht.<\/p>\n<p class=\"western\">Das Gehege muss von allen Seiten und auch oben verschlossen sein, damit die Tiere vor Fressfeinden gesch\u00fctzt sind. Ganz wichtig ist deshalb auch die Wahl des Gehegegitters. Am besten eignet sich Volierendraht mit einer Mindestst\u00e4rke von 1.2 mm, damit sich die Kaninchen nicht durchbei\u00dfen. <b>Wichtig: <\/b>Die Maschen d\u00fcrfen nicht gr\u00f6\u00dfer als 1.9 cm sein, denn ein Marder passt bereits durch ein Loch von der Gr\u00f6\u00dfe eines normalen H\u00fchnereies!<\/p>\n<p class=\"western\">Damit sich die Kaninchen nicht freibuddeln, gibt es zwei M\u00f6glichkeiten: Entweder du gr\u00e4bst ein Gitter 50 cm tief in die Erde ein oder du legst Betonplatten auf den Boden, die du mit Rindenmulch bedeckst und bietest deinen Kaninchen eine Sandkiste zum Buddeln an. \u00c4ste, Baumst\u00fcmpfe, Tunnel und H\u00fctten sorgen f\u00fcr Abwechslung.<\/p>\n","protected":false},"excerpt":{"rendered":"<p>&nbsp; Kaninchen sind niedlich, vor allem wenn sie noch klein sind. Aber Kaninchen sind keine Kuscheltiere, sondern als Fluchttiere \u00e4u\u00dferst [&hellip;]<\/p>\n","protected":false},"author":3,"featured_media":0,"parent":30,"menu_order":0,"comment_status":"closed","ping_status":"closed","template":"","meta":{"_acf_changed":false,"footnotes":""},"acf":[],"yoast_head":"<!-- This site is optimized with the Yoast SEO plugin v20.13 - https:\/\/yoast.com\/wordpress\/plugins\/seo\/ -->\n<title>Kaninchen artgerecht halten - S\u00fcdtiroler Tierfreundeverein<\/title>\n<meta name=\"robots\" content=\"index, follow, max-snippet:-1, max-image-preview:large, max-video-preview:-1\" \/>\n<link rel=\"canonical\" href=\"https:\/\/www.tierfreunde.it\/de\/tipps-hilfe\/tipps-fuer-tierhalter\/kaninchen-artgerecht-halten\/\" \/>\n<meta property=\"og:locale\" content=\"de_DE\" \/>\n<meta property=\"og:type\" content=\"article\" \/>\n<meta property=\"og:title\" content=\"Kaninchen artgerecht halten - S\u00fcdtiroler Tierfreundeverein\" \/>\n<meta property=\"og:description\" content=\"&nbsp; Kaninchen sind niedlich, vor allem wenn sie noch klein sind. Aber Kaninchen sind keine Kuscheltiere, sondern als Fluchttiere \u00e4u\u00dferst [&hellip;]\" \/>\n<meta property=\"og:url\" content=\"https:\/\/www.tierfreunde.it\/de\/tipps-hilfe\/tipps-fuer-tierhalter\/kaninchen-artgerecht-halten\/\" \/>\n<meta property=\"og:site_name\" content=\"S\u00fcdtiroler Tierfreundeverein\" \/>\n<meta property=\"article:modified_time\" content=\"2018-10-18T20:10:53+00:00\" \/>\n<meta property=\"og:image\" content=\"http:\/\/www.tierfreunde.it\/wp-content\/uploads\/rabbit-3716254_1920.jpg\" \/>\n<meta name=\"twitter:card\" content=\"summary_large_image\" \/>\n<meta name=\"twitter:label1\" content=\"Est. reading time\" \/>\n\t<meta name=\"twitter:data1\" content=\"2 Minuten\" \/>\n<script type=\"application\/ld+json\" class=\"yoast-schema-graph\">{\"@context\":\"https:\/\/schema.org\",\"@graph\":[{\"@type\":\"WebPage\",\"@id\":\"https:\/\/www.tierfreunde.it\/de\/tipps-hilfe\/tipps-fuer-tierhalter\/kaninchen-artgerecht-halten\/\",\"url\":\"https:\/\/www.tierfreunde.it\/de\/tipps-hilfe\/tipps-fuer-tierhalter\/kaninchen-artgerecht-halten\/\",\"name\":\"Kaninchen artgerecht halten - S\u00fcdtiroler Tierfreundeverein\",\"isPartOf\":{\"@id\":\"https:\/\/www.tierfreunde.it\/de\/#website\"},\"datePublished\":\"2018-10-18T09:57:16+00:00\",\"dateModified\":\"2018-10-18T20:10:53+00:00\",\"breadcrumb\":{\"@id\":\"https:\/\/www.tierfreunde.it\/de\/tipps-hilfe\/tipps-fuer-tierhalter\/kaninchen-artgerecht-halten\/#breadcrumb\"},\"inLanguage\":\"de-DE\",\"potentialAction\":[{\"@type\":\"ReadAction\",\"target\":[\"https:\/\/www.tierfreunde.it\/de\/tipps-hilfe\/tipps-fuer-tierhalter\/kaninchen-artgerecht-halten\/\"]}]},{\"@type\":\"BreadcrumbList\",\"@id\":\"https:\/\/www.tierfreunde.it\/de\/tipps-hilfe\/tipps-fuer-tierhalter\/kaninchen-artgerecht-halten\/#breadcrumb\",\"itemListElement\":[{\"@type\":\"ListItem\",\"position\":1,\"name\":\"Startseite\",\"item\":\"https:\/\/www.tierfreunde.it\/de\/\"},{\"@type\":\"ListItem\",\"position\":2,\"name\":\"Tipps &#038; Hilfe\",\"item\":\"https:\/\/www.tierfreunde.it\/de\/tipps-hilfe\/\"},{\"@type\":\"ListItem\",\"position\":3,\"name\":\"Tipps f\u00fcr Tierhalter\",\"item\":\"https:\/\/www.tierfreunde.it\/de\/tipps-hilfe\/tipps-fuer-tierhalter\/\"},{\"@type\":\"ListItem\",\"position\":4,\"name\":\"Kaninchen artgerecht halten\"}]},{\"@type\":\"WebSite\",\"@id\":\"https:\/\/www.tierfreunde.it\/de\/#website\",\"url\":\"https:\/\/www.tierfreunde.it\/de\/\",\"name\":\"S\u00fcdtiroler Tierfreundeverein\",\"description\":\"\",\"potentialAction\":[{\"@type\":\"SearchAction\",\"target\":{\"@type\":\"EntryPoint\",\"urlTemplate\":\"https:\/\/www.tierfreunde.it\/de\/?s={search_term_string}\"},\"query-input\":\"required name=search_term_string\"}],\"inLanguage\":\"de-DE\"}]}<\/script>\n<!-- \/ Yoast SEO plugin. -->","yoast_head_json":{"title":"Kaninchen artgerecht halten - S\u00fcdtiroler Tierfreundeverein","robots":{"index":"index","follow":"follow","max-snippet":"max-snippet:-1","max-image-preview":"max-image-preview:large","max-video-preview":"max-video-preview:-1"},"canonical":"https:\/\/www.tierfreunde.it\/de\/tipps-hilfe\/tipps-fuer-tierhalter\/kaninchen-artgerecht-halten\/","og_locale":"de_DE","og_type":"article","og_title":"Kaninchen artgerecht halten - S\u00fcdtiroler Tierfreundeverein","og_description":"&nbsp; Kaninchen sind niedlich, vor allem wenn sie noch klein sind. Aber Kaninchen sind keine Kuscheltiere, sondern als Fluchttiere \u00e4u\u00dferst [&hellip;]","og_url":"https:\/\/www.tierfreunde.it\/de\/tipps-hilfe\/tipps-fuer-tierhalter\/kaninchen-artgerecht-halten\/","og_site_name":"S\u00fcdtiroler Tierfreundeverein","article_modified_time":"2018-10-18T20:10:53+00:00","og_image":[{"url":"http:\/\/www.tierfreunde.it\/wp-content\/uploads\/rabbit-3716254_1920.jpg"}],"twitter_card":"summary_large_image","twitter_misc":{"Est. reading time":"2 Minuten"},"schema":{"@context":"https:\/\/schema.org","@graph":[{"@type":"WebPage","@id":"https:\/\/www.tierfreunde.it\/de\/tipps-hilfe\/tipps-fuer-tierhalter\/kaninchen-artgerecht-halten\/","url":"https:\/\/www.tierfreunde.it\/de\/tipps-hilfe\/tipps-fuer-tierhalter\/kaninchen-artgerecht-halten\/","name":"Kaninchen artgerecht halten - S\u00fcdtiroler Tierfreundeverein","isPartOf":{"@id":"https:\/\/www.tierfreunde.it\/de\/#website"},"datePublished":"2018-10-18T09:57:16+00:00","dateModified":"2018-10-18T20:10:53+00:00","breadcrumb":{"@id":"https:\/\/www.tierfreunde.it\/de\/tipps-hilfe\/tipps-fuer-tierhalter\/kaninchen-artgerecht-halten\/#breadcrumb"},"inLanguage":"de-DE","potentialAction":[{"@type":"ReadAction","target":["https:\/\/www.tierfreunde.it\/de\/tipps-hilfe\/tipps-fuer-tierhalter\/kaninchen-artgerecht-halten\/"]}]},{"@type":"BreadcrumbList","@id":"https:\/\/www.tierfreunde.it\/de\/tipps-hilfe\/tipps-fuer-tierhalter\/kaninchen-artgerecht-halten\/#breadcrumb","itemListElement":[{"@type":"ListItem","position":1,"name":"Startseite","item":"https:\/\/www.tierfreunde.it\/de\/"},{"@type":"ListItem","position":2,"name":"Tipps &#038; Hilfe","item":"https:\/\/www.tierfreunde.it\/de\/tipps-hilfe\/"},{"@type":"ListItem","position":3,"name":"Tipps f\u00fcr Tierhalter","item":"https:\/\/www.tierfreunde.it\/de\/tipps-hilfe\/tipps-fuer-tierhalter\/"},{"@type":"ListItem","position":4,"name":"Kaninchen artgerecht halten"}]},{"@type":"WebSite","@id":"https:\/\/www.tierfreunde.it\/de\/#website","url":"https:\/\/www.tierfreunde.it\/de\/","name":"S\u00fcdtiroler Tierfreundeverein","description":"","potentialAction":[{"@type":"SearchAction","target":{"@type":"EntryPoint","urlTemplate":"https:\/\/www.tierfreunde.it\/de\/?s={search_term_string}"},"query-input":"required name=search_term_string"}],"inLanguage":"de-DE"}]}},"_links":{"self":[{"href":"https:\/\/www.tierfreunde.it\/de\/wp-json\/wp\/v2\/pages\/700"}],"collection":[{"href":"https:\/\/www.tierfreunde.it\/de\/wp-json\/wp\/v2\/pages"}],"about":[{"href":"https:\/\/www.tierfreunde.it\/de\/wp-json\/wp\/v2\/types\/page"}],"author":[{"embeddable":true,"href":"https:\/\/www.tierfreunde.it\/de\/wp-json\/wp\/v2\/users\/3"}],"replies":[{"embeddable":true,"href":"https:\/\/www.tierfreunde.it\/de\/wp-json\/wp\/v2\/comments?post=700"}],"version-history":[{"count":4,"href":"https:\/\/www.tierfreunde.it\/de\/wp-json\/wp\/v2\/pages\/700\/revisions"}],"predecessor-version":[{"id":736,"href":"https:\/\/www.tierfreunde.it\/de\/wp-json\/wp\/v2\/pages\/700\/revisions\/736"}],"up":[{"embeddable":true,"href":"https:\/\/www.tierfreunde.it\/de\/wp-json\/wp\/v2\/pages\/30"}],"wp:attachment":[{"href":"https:\/\/www.tierfreunde.it\/de\/wp-json\/wp\/v2\/media?parent=700"}],"curies":[{"name":"wp","href":"https:\/\/api.w.org\/{rel}","templated":true}]}}