{"id":720,"date":"2018-10-18T14:11:55","date_gmt":"2018-10-18T12:11:55","guid":{"rendered":"http:\/\/www.tierfreunde.it\/?page_id=720"},"modified":"2023-12-01T08:17:09","modified_gmt":"2023-12-01T07:17:09","slug":"transparenzbestimmungen","status":"publish","type":"page","link":"https:\/\/www.tierfreunde.it\/de\/transparenzbestimmungen\/","title":{"rendered":"Transparenzbestimmungen"},"content":{"rendered":"<p>\u00d6ffentliche Zuwendungen laut Gesetz vom 4. August 2017, Nr. 124, Art. 125-127<\/p>\n<p>S\u00fcdtiroler Tierfreundeverein EO &#8211; St.Nr. 91001000214 <\/p>\n<p>2018 &#8211; \u00dcberweisung Provincia Autonoma di Bolzano &#8211; Beitrag Tierschutz insgesamt 33.761,00 \u20ac &#8211; davon am<br \/>\n06.06.2018 &#8211; 16.880,50\u20ac<br \/>\n23.08.2018 &#8211; 6.459,60\u20ac<br \/>\n22.10.2018 &#8211; 10.420,90\u20ac<\/p>\n<p>2018 &#8211; \u00dcberweisung Cinque per mille MEF &#8211; Erogazione quote cinque per mille anno 2016 2015<br \/>\n16.08.2018 &#8211; 12.604,02 \u20ac<\/p>\n<p>2019 &#8211; \u00dcberweisung Provincia Autonoma di Bolzano &#8211; Beitrag Tierschutz insgesamt<br \/>\n31.057,00 \u20ac &#8211; davon am<br \/>\n24.05.2019 &#8211; 15.528,50\u20ac<br \/>\n16.10.2019 &#8211; 15.528,50\u20ac<\/p>\n<p>2019 &#8211; \u00dcberweisung Cinque per mille MEF &#8211; Erogazione quote cinque per mille anno 2017 2016<br \/>\n07.08.2019 &#8211; 13.549,86 \u20ac<\/p>\n<p>2020 &#8211; \u00dcberweisung Provincia Autonoma di Bolzano &#8211; Beitrag Tierschutz insgesamt<br \/>\n40.478,00 \u20ac &#8211; davon am<br \/>\n20.05.2020 &#8211; 20.239,00 \u20ac<br \/>\n03.12.2020 &#8211; 20.239,00 \u20ac<\/p>\n<p>2020 &#8211; \u00dcberweisung Cinque per mille MEF &#8211; Erogazione quote cinque per mille anno 2018 2017<br \/>\n30.07.2020 &#8211; 9.757,48 \u20ac<br \/>\n&nbsp;<\/p>\n<p>2021 \u00dcberweisung Autonome Provinz Bozen &#8211; Beitrag Tierschutz<br \/>\n1. Rate am 19.04.21  &#8211;  19.497,00 Euro<br \/>\n2021 &#8211; \u00dcberweisung 5 per mille MEF &#8211; Erogazione quote cinque per mille anno 2019<br \/>\n10.967,38 Euro<br \/>\n2. Rate am 07.12.21 &#8211; 19.497,00 \u00dcberweisung Autonome Provinz &#8211; Beitrag Tierschutz<\/p>\n<p>2022 \u00dcberweisung Autonome Provinz Bozen &#8211; Beitrag Tierschutz<br \/>\n1. Rate am 03.05.22   &#8211;   24.053,00 Euro<br \/>\n&nbsp;<br \/>\n2. Rate am 07.12.22   &#8211; 24.053,00 Euro<br \/>\n\u00dcberweisung 5 per mille &#8211; Erogazione quote cinque per mille anno 2020 &#8211; 9.737,25 &#8211; 16.12.22<\/p>\n<p>1. Rate \u00dcberweisung Autonome Provinz Bozen &#8211; Beitrag Tierschutz&#8212;-21.767,00&#8212;13.03.23<br \/>\n2. Rate \u00dcberweisung Autonome Provinz Bozen &#8211; Beitrag Tierschutz&#8212;-21,766,00&#8212;27.11.23<\/p>\n","protected":false},"excerpt":{"rendered":"<p>\u00d6ffentliche Zuwendungen laut Gesetz vom 4. August 2017, Nr. 124, Art. 125-127 S\u00fcdtiroler Tierfreundeverein EO &#8211; St.Nr. 91001000214 2018 &#8211; [&hellip;]<\/p>\n","protected":false},"author":3,"featured_media":0,"parent":0,"menu_order":0,"comment_status":"closed","ping_status":"closed","template":"","meta":{"_acf_changed":false,"footnotes":""},"acf":[],"yoast_head":"<!-- This site is optimized with the Yoast SEO plugin v20.13 - https:\/\/yoast.com\/wordpress\/plugins\/seo\/ -->\n<title>Transparenzbestimmungen - S\u00fcdtiroler Tierfreundeverein<\/title>\n<meta name=\"robots\" content=\"index, follow, max-snippet:-1, max-image-preview:large, max-video-preview:-1\" \/>\n<link rel=\"canonical\" href=\"https:\/\/www.tierfreunde.it\/de\/transparenzbestimmungen\/\" \/>\n<meta property=\"og:locale\" content=\"de_DE\" \/>\n<meta property=\"og:type\" content=\"article\" \/>\n<meta property=\"og:title\" content=\"Transparenzbestimmungen - S\u00fcdtiroler Tierfreundeverein\" \/>\n<meta property=\"og:description\" content=\"\u00d6ffentliche Zuwendungen laut Gesetz vom 4. August 2017, Nr. 124, Art. 125-127 S\u00fcdtiroler Tierfreundeverein EO &#8211; St.Nr. 91001000214 2018 &#8211; [&hellip;]\" \/>\n<meta property=\"og:url\" content=\"https:\/\/www.tierfreunde.it\/de\/transparenzbestimmungen\/\" \/>\n<meta property=\"og:site_name\" content=\"S\u00fcdtiroler Tierfreundeverein\" \/>\n<meta property=\"article:modified_time\" content=\"2023-12-01T07:17:09+00:00\" \/>\n<meta name=\"twitter:card\" content=\"summary_large_image\" \/>\n<meta name=\"twitter:label1\" content=\"Est. reading time\" \/>\n\t<meta name=\"twitter:data1\" content=\"2 Minuten\" \/>\n<script type=\"application\/ld+json\" class=\"yoast-schema-graph\">{\"@context\":\"https:\/\/schema.org\",\"@graph\":[{\"@type\":\"WebPage\",\"@id\":\"https:\/\/www.tierfreunde.it\/de\/transparenzbestimmungen\/\",\"url\":\"https:\/\/www.tierfreunde.it\/de\/transparenzbestimmungen\/\",\"name\":\"Transparenzbestimmungen - S\u00fcdtiroler Tierfreundeverein\",\"isPartOf\":{\"@id\":\"https:\/\/www.tierfreunde.it\/de\/#website\"},\"datePublished\":\"2018-10-18T12:11:55+00:00\",\"dateModified\":\"2023-12-01T07:17:09+00:00\",\"breadcrumb\":{\"@id\":\"https:\/\/www.tierfreunde.it\/de\/transparenzbestimmungen\/#breadcrumb\"},\"inLanguage\":\"de-DE\",\"potentialAction\":[{\"@type\":\"ReadAction\",\"target\":[\"https:\/\/www.tierfreunde.it\/de\/transparenzbestimmungen\/\"]}]},{\"@type\":\"BreadcrumbList\",\"@id\":\"https:\/\/www.tierfreunde.it\/de\/transparenzbestimmungen\/#breadcrumb\",\"itemListElement\":[{\"@type\":\"ListItem\",\"position\":1,\"name\":\"Startseite\",\"item\":\"https:\/\/www.tierfreunde.it\/de\/\"},{\"@type\":\"ListItem\",\"position\":2,\"name\":\"Transparenzbestimmungen\"}]},{\"@type\":\"WebSite\",\"@id\":\"https:\/\/www.tierfreunde.it\/de\/#website\",\"url\":\"https:\/\/www.tierfreunde.it\/de\/\",\"name\":\"S\u00fcdtiroler Tierfreundeverein\",\"description\":\"\",\"potentialAction\":[{\"@type\":\"SearchAction\",\"target\":{\"@type\":\"EntryPoint\",\"urlTemplate\":\"https:\/\/www.tierfreunde.it\/de\/?s={search_term_string}\"},\"query-input\":\"required name=search_term_string\"}],\"inLanguage\":\"de-DE\"}]}<\/script>\n<!-- \/ Yoast SEO plugin. -->","yoast_head_json":{"title":"Transparenzbestimmungen - S\u00fcdtiroler Tierfreundeverein","robots":{"index":"index","follow":"follow","max-snippet":"max-snippet:-1","max-image-preview":"max-image-preview:large","max-video-preview":"max-video-preview:-1"},"canonical":"https:\/\/www.tierfreunde.it\/de\/transparenzbestimmungen\/","og_locale":"de_DE","og_type":"article","og_title":"Transparenzbestimmungen - S\u00fcdtiroler Tierfreundeverein","og_description":"\u00d6ffentliche Zuwendungen laut Gesetz vom 4. August 2017, Nr. 124, Art. 125-127 S\u00fcdtiroler Tierfreundeverein EO &#8211; St.Nr. 91001000214 2018 &#8211; [&hellip;]","og_url":"https:\/\/www.tierfreunde.it\/de\/transparenzbestimmungen\/","og_site_name":"S\u00fcdtiroler Tierfreundeverein","article_modified_time":"2023-12-01T07:17:09+00:00","twitter_card":"summary_large_image","twitter_misc":{"Est. reading time":"2 Minuten"},"schema":{"@context":"https:\/\/schema.org","@graph":[{"@type":"WebPage","@id":"https:\/\/www.tierfreunde.it\/de\/transparenzbestimmungen\/","url":"https:\/\/www.tierfreunde.it\/de\/transparenzbestimmungen\/","name":"Transparenzbestimmungen - S\u00fcdtiroler Tierfreundeverein","isPartOf":{"@id":"https:\/\/www.tierfreunde.it\/de\/#website"},"datePublished":"2018-10-18T12:11:55+00:00","dateModified":"2023-12-01T07:17:09+00:00","breadcrumb":{"@id":"https:\/\/www.tierfreunde.it\/de\/transparenzbestimmungen\/#breadcrumb"},"inLanguage":"de-DE","potentialAction":[{"@type":"ReadAction","target":["https:\/\/www.tierfreunde.it\/de\/transparenzbestimmungen\/"]}]},{"@type":"BreadcrumbList","@id":"https:\/\/www.tierfreunde.it\/de\/transparenzbestimmungen\/#breadcrumb","itemListElement":[{"@type":"ListItem","position":1,"name":"Startseite","item":"https:\/\/www.tierfreunde.it\/de\/"},{"@type":"ListItem","position":2,"name":"Transparenzbestimmungen"}]},{"@type":"WebSite","@id":"https:\/\/www.tierfreunde.it\/de\/#website","url":"https:\/\/www.tierfreunde.it\/de\/","name":"S\u00fcdtiroler Tierfreundeverein","description":"","potentialAction":[{"@type":"SearchAction","target":{"@type":"EntryPoint","urlTemplate":"https:\/\/www.tierfreunde.it\/de\/?s={search_term_string}"},"query-input":"required name=search_term_string"}],"inLanguage":"de-DE"}]}},"_links":{"self":[{"href":"https:\/\/www.tierfreunde.it\/de\/wp-json\/wp\/v2\/pages\/720"}],"collection":[{"href":"https:\/\/www.tierfreunde.it\/de\/wp-json\/wp\/v2\/pages"}],"about":[{"href":"https:\/\/www.tierfreunde.it\/de\/wp-json\/wp\/v2\/types\/page"}],"author":[{"embeddable":true,"href":"https:\/\/www.tierfreunde.it\/de\/wp-json\/wp\/v2\/users\/3"}],"replies":[{"embeddable":true,"href":"https:\/\/www.tierfreunde.it\/de\/wp-json\/wp\/v2\/comments?post=720"}],"version-history":[{"count":25,"href":"https:\/\/www.tierfreunde.it\/de\/wp-json\/wp\/v2\/pages\/720\/revisions"}],"predecessor-version":[{"id":2213,"href":"https:\/\/www.tierfreunde.it\/de\/wp-json\/wp\/v2\/pages\/720\/revisions\/2213"}],"wp:attachment":[{"href":"https:\/\/www.tierfreunde.it\/de\/wp-json\/wp\/v2\/media?parent=720"}],"curies":[{"name":"wp","href":"https:\/\/api.w.org\/{rel}","templated":true}]}}