{"id":723,"date":"2018-10-18T14:52:05","date_gmt":"2018-10-18T12:52:05","guid":{"rendered":"http:\/\/www.tierfreunde.it\/?page_id=723"},"modified":"2018-10-18T22:15:33","modified_gmt":"2018-10-18T20:15:33","slug":"meerschweinchen-und-kinder","status":"publish","type":"page","link":"https:\/\/www.tierfreunde.it\/de\/tipps-hilfe\/tipps-fuer-tierhalter\/meerschweinchen-und-kinder\/","title":{"rendered":"Meerschweinchen und Kinder"},"content":{"rendered":"<p><img loading=\"lazy\" decoding=\"async\" class=\"alignnone wp-image-726 size-full\" src=\"http:\/\/www.tierfreunde.it\/wp-content\/uploads\/livia-novacova.jpg\" alt=\"\" width=\"1920\" height=\"1280\" data-headline=\"Livia Novacova\" \/><\/p>\n<p>&nbsp;<\/p>\n<p>Meerschweinchen sind keine Kuscheltiere. Sie sind von Natur aus eher scheu und empfinden es als \u00e4u\u00dferst stressig, wenn sie auf den Arm genommen werden. Da Meerschweinchen Fluchttiere sind, fl\u00fcchten sie erst mal instinktiv, wenn etwas Gro\u00dfes von oben auf sie zukommt. Haben sie nicht die M\u00f6glichkeit dazu, verfallen sie meist in eine Schockstarre. Sie sitzen einfach nur da und bewegen sich nicht wenn sie hochgenommen werden.Vor allem Kinder k\u00f6nnen die Verhaltensweisen von Meerschweinchen nicht richtig deuten und denken, die Tiere lassen sich gerne hochnehmen.<\/p>\n<p>Dennoch k\u00f6nnen Kinder Verantwortung f\u00fcr Meerschweinchen \u00fcbernehmen. Sofern sie von ihren Eltern unterst\u00fctzt werden ist das Halten von Meerschweinchen ab einem Alter von acht Jahren kein Problem. Die Eltern m\u00fcssen sich allerdings mit um die Tiere k\u00fcmmern und ihre Kinder anleiten, wie sie mit den Meerschweinchen richtig umgehen m\u00fcssen. Alleine sind die Kids schnell \u00fcberfordert. Au\u00dferdem m\u00fcssen sie daf\u00fcr sorgen, dass die Tiere ein artgerechtes Gehege bekommen, das auch wirklich gro\u00df genug ist.<\/p>\n<p><strong>Wichtig:<\/strong> Vor der Anschaffung sollten die Eltern bedenken, dass sie in der Pubert\u00e4t schnell das Interesse an den Tieren verlieren und sie vermutlich die volle Pflege \u00fcbernehmen m\u00fcssen. Ebenfalls wichtig zu wissen: als Rudeltiere sind Meerschweinchen auf Artgenossen angewiesen, sie leben immer in Gruppen und d\u00fcrfen daher <strong>nie<\/strong> alleine gehalten werden.<\/p>\n<p>Nat\u00fcrlich sollten die Kinder immer beim pflegen, f\u00fcttern und ausmisten helfen. Das schafft die Grundlage f\u00fcr eine gute Beziehung zu den Tieren, st\u00e4rkt das Selbstbewusstsein und f\u00f6rdert zudem das Verantwortungsbewusstsein. <strong>Wichtig:<\/strong> Der Platz des Geheges sollte sich nicht im Kinderzimmer befinden! Idealerweise h\u00e4ltst du die Meerschweinchen in einem ger\u00e4umigen und artgerechten Gehege im Garten.<\/p>\n<p>Neben den Pflichtaufgaben k\u00f6nnen die Kinder dann auch aktiv (und artgerecht) mit den Tieren spielen. Beim \u201eGurke oder Karotte angeln\u201c mit einem Stock und einer Schnur k\u00f6nnen die Kids die Tiere beobachten, ohne sie zu ber\u00fchren. Sie k\u00f6nnen auch versuchen, die Meerschweinchen \u201efutterzahm\u201c zu bekommen. Dazu setzen sie sich ins Gehege, bieten Gem\u00fcsest\u00fccke oder Gr\u00fcnzeug an und warten ab, bis sich die Tiere freiwillig ann\u00e4hern. Zudem k\u00f6nnen sie selbst zum \u201eKletterplatz f\u00fcr die Nager\u201c werden, indem sie Leckerlis auf den Knien oder auf dem Bauch verteilen und abwarten. <strong>Wichtig:<\/strong> Signalisieren die Tiere, dass sie genug haben, sollten die Kinder das aber auf jeden Fall respektieren.<\/p>\n<p>M\u00f6chten die Kinder ihre Tiere auch streicheln, ist es wichtig, nichts zu erzwingen: Sie setzen sich am besten geduldig mit Futter ins Gehege und warten ab, bis die Tiere freiwillig kommen. Dann k\u00f6nnen sie die Meeries aus der Hand f\u00fcttern und langsam streicheln. Allerdings nur, wenn sie das zulassen. <strong>Tipp:<\/strong> Zur Gesundheitskontrolle musst du die Tiere nat\u00fcrlich anfassen \u2013 jedoch immer behutsam und vorsichtig.<\/p>\n","protected":false},"excerpt":{"rendered":"<p>&nbsp; Meerschweinchen sind keine Kuscheltiere. Sie sind von Natur aus eher scheu und empfinden es als \u00e4u\u00dferst stressig, wenn sie [&hellip;]<\/p>\n","protected":false},"author":3,"featured_media":0,"parent":30,"menu_order":0,"comment_status":"closed","ping_status":"closed","template":"","meta":{"_acf_changed":false,"footnotes":""},"acf":[],"yoast_head":"<!-- This site is optimized with the Yoast SEO plugin v20.13 - https:\/\/yoast.com\/wordpress\/plugins\/seo\/ -->\n<title>Meerschweinchen und Kinder - S\u00fcdtiroler Tierfreundeverein<\/title>\n<meta name=\"robots\" content=\"index, follow, max-snippet:-1, max-image-preview:large, max-video-preview:-1\" \/>\n<link rel=\"canonical\" href=\"https:\/\/www.tierfreunde.it\/de\/tipps-hilfe\/tipps-fuer-tierhalter\/meerschweinchen-und-kinder\/\" \/>\n<meta property=\"og:locale\" content=\"de_DE\" \/>\n<meta property=\"og:type\" content=\"article\" \/>\n<meta property=\"og:title\" content=\"Meerschweinchen und Kinder - S\u00fcdtiroler Tierfreundeverein\" \/>\n<meta property=\"og:description\" content=\"&nbsp; Meerschweinchen sind keine Kuscheltiere. Sie sind von Natur aus eher scheu und empfinden es als \u00e4u\u00dferst stressig, wenn sie [&hellip;]\" \/>\n<meta property=\"og:url\" content=\"https:\/\/www.tierfreunde.it\/de\/tipps-hilfe\/tipps-fuer-tierhalter\/meerschweinchen-und-kinder\/\" \/>\n<meta property=\"og:site_name\" content=\"S\u00fcdtiroler Tierfreundeverein\" \/>\n<meta property=\"article:modified_time\" content=\"2018-10-18T20:15:33+00:00\" \/>\n<meta property=\"og:image\" content=\"http:\/\/www.tierfreunde.it\/wp-content\/uploads\/livia-novacova.jpg\" \/>\n<meta name=\"twitter:card\" content=\"summary_large_image\" \/>\n<meta name=\"twitter:label1\" content=\"Est. reading time\" \/>\n\t<meta name=\"twitter:data1\" content=\"2 Minuten\" \/>\n<script type=\"application\/ld+json\" class=\"yoast-schema-graph\">{\"@context\":\"https:\/\/schema.org\",\"@graph\":[{\"@type\":\"WebPage\",\"@id\":\"https:\/\/www.tierfreunde.it\/de\/tipps-hilfe\/tipps-fuer-tierhalter\/meerschweinchen-und-kinder\/\",\"url\":\"https:\/\/www.tierfreunde.it\/de\/tipps-hilfe\/tipps-fuer-tierhalter\/meerschweinchen-und-kinder\/\",\"name\":\"Meerschweinchen und Kinder - S\u00fcdtiroler Tierfreundeverein\",\"isPartOf\":{\"@id\":\"https:\/\/www.tierfreunde.it\/de\/#website\"},\"datePublished\":\"2018-10-18T12:52:05+00:00\",\"dateModified\":\"2018-10-18T20:15:33+00:00\",\"breadcrumb\":{\"@id\":\"https:\/\/www.tierfreunde.it\/de\/tipps-hilfe\/tipps-fuer-tierhalter\/meerschweinchen-und-kinder\/#breadcrumb\"},\"inLanguage\":\"de-DE\",\"potentialAction\":[{\"@type\":\"ReadAction\",\"target\":[\"https:\/\/www.tierfreunde.it\/de\/tipps-hilfe\/tipps-fuer-tierhalter\/meerschweinchen-und-kinder\/\"]}]},{\"@type\":\"BreadcrumbList\",\"@id\":\"https:\/\/www.tierfreunde.it\/de\/tipps-hilfe\/tipps-fuer-tierhalter\/meerschweinchen-und-kinder\/#breadcrumb\",\"itemListElement\":[{\"@type\":\"ListItem\",\"position\":1,\"name\":\"Startseite\",\"item\":\"https:\/\/www.tierfreunde.it\/de\/\"},{\"@type\":\"ListItem\",\"position\":2,\"name\":\"Tipps &#038; Hilfe\",\"item\":\"https:\/\/www.tierfreunde.it\/de\/tipps-hilfe\/\"},{\"@type\":\"ListItem\",\"position\":3,\"name\":\"Tipps f\u00fcr Tierhalter\",\"item\":\"https:\/\/www.tierfreunde.it\/de\/tipps-hilfe\/tipps-fuer-tierhalter\/\"},{\"@type\":\"ListItem\",\"position\":4,\"name\":\"Meerschweinchen und Kinder\"}]},{\"@type\":\"WebSite\",\"@id\":\"https:\/\/www.tierfreunde.it\/de\/#website\",\"url\":\"https:\/\/www.tierfreunde.it\/de\/\",\"name\":\"S\u00fcdtiroler Tierfreundeverein\",\"description\":\"\",\"potentialAction\":[{\"@type\":\"SearchAction\",\"target\":{\"@type\":\"EntryPoint\",\"urlTemplate\":\"https:\/\/www.tierfreunde.it\/de\/?s={search_term_string}\"},\"query-input\":\"required name=search_term_string\"}],\"inLanguage\":\"de-DE\"}]}<\/script>\n<!-- \/ Yoast SEO plugin. -->","yoast_head_json":{"title":"Meerschweinchen und Kinder - S\u00fcdtiroler Tierfreundeverein","robots":{"index":"index","follow":"follow","max-snippet":"max-snippet:-1","max-image-preview":"max-image-preview:large","max-video-preview":"max-video-preview:-1"},"canonical":"https:\/\/www.tierfreunde.it\/de\/tipps-hilfe\/tipps-fuer-tierhalter\/meerschweinchen-und-kinder\/","og_locale":"de_DE","og_type":"article","og_title":"Meerschweinchen und Kinder - S\u00fcdtiroler Tierfreundeverein","og_description":"&nbsp; Meerschweinchen sind keine Kuscheltiere. Sie sind von Natur aus eher scheu und empfinden es als \u00e4u\u00dferst stressig, wenn sie [&hellip;]","og_url":"https:\/\/www.tierfreunde.it\/de\/tipps-hilfe\/tipps-fuer-tierhalter\/meerschweinchen-und-kinder\/","og_site_name":"S\u00fcdtiroler Tierfreundeverein","article_modified_time":"2018-10-18T20:15:33+00:00","og_image":[{"url":"http:\/\/www.tierfreunde.it\/wp-content\/uploads\/livia-novacova.jpg"}],"twitter_card":"summary_large_image","twitter_misc":{"Est. reading time":"2 Minuten"},"schema":{"@context":"https:\/\/schema.org","@graph":[{"@type":"WebPage","@id":"https:\/\/www.tierfreunde.it\/de\/tipps-hilfe\/tipps-fuer-tierhalter\/meerschweinchen-und-kinder\/","url":"https:\/\/www.tierfreunde.it\/de\/tipps-hilfe\/tipps-fuer-tierhalter\/meerschweinchen-und-kinder\/","name":"Meerschweinchen und Kinder - S\u00fcdtiroler Tierfreundeverein","isPartOf":{"@id":"https:\/\/www.tierfreunde.it\/de\/#website"},"datePublished":"2018-10-18T12:52:05+00:00","dateModified":"2018-10-18T20:15:33+00:00","breadcrumb":{"@id":"https:\/\/www.tierfreunde.it\/de\/tipps-hilfe\/tipps-fuer-tierhalter\/meerschweinchen-und-kinder\/#breadcrumb"},"inLanguage":"de-DE","potentialAction":[{"@type":"ReadAction","target":["https:\/\/www.tierfreunde.it\/de\/tipps-hilfe\/tipps-fuer-tierhalter\/meerschweinchen-und-kinder\/"]}]},{"@type":"BreadcrumbList","@id":"https:\/\/www.tierfreunde.it\/de\/tipps-hilfe\/tipps-fuer-tierhalter\/meerschweinchen-und-kinder\/#breadcrumb","itemListElement":[{"@type":"ListItem","position":1,"name":"Startseite","item":"https:\/\/www.tierfreunde.it\/de\/"},{"@type":"ListItem","position":2,"name":"Tipps &#038; Hilfe","item":"https:\/\/www.tierfreunde.it\/de\/tipps-hilfe\/"},{"@type":"ListItem","position":3,"name":"Tipps f\u00fcr Tierhalter","item":"https:\/\/www.tierfreunde.it\/de\/tipps-hilfe\/tipps-fuer-tierhalter\/"},{"@type":"ListItem","position":4,"name":"Meerschweinchen und Kinder"}]},{"@type":"WebSite","@id":"https:\/\/www.tierfreunde.it\/de\/#website","url":"https:\/\/www.tierfreunde.it\/de\/","name":"S\u00fcdtiroler Tierfreundeverein","description":"","potentialAction":[{"@type":"SearchAction","target":{"@type":"EntryPoint","urlTemplate":"https:\/\/www.tierfreunde.it\/de\/?s={search_term_string}"},"query-input":"required name=search_term_string"}],"inLanguage":"de-DE"}]}},"_links":{"self":[{"href":"https:\/\/www.tierfreunde.it\/de\/wp-json\/wp\/v2\/pages\/723"}],"collection":[{"href":"https:\/\/www.tierfreunde.it\/de\/wp-json\/wp\/v2\/pages"}],"about":[{"href":"https:\/\/www.tierfreunde.it\/de\/wp-json\/wp\/v2\/types\/page"}],"author":[{"embeddable":true,"href":"https:\/\/www.tierfreunde.it\/de\/wp-json\/wp\/v2\/users\/3"}],"replies":[{"embeddable":true,"href":"https:\/\/www.tierfreunde.it\/de\/wp-json\/wp\/v2\/comments?post=723"}],"version-history":[{"count":5,"href":"https:\/\/www.tierfreunde.it\/de\/wp-json\/wp\/v2\/pages\/723\/revisions"}],"predecessor-version":[{"id":737,"href":"https:\/\/www.tierfreunde.it\/de\/wp-json\/wp\/v2\/pages\/723\/revisions\/737"}],"up":[{"embeddable":true,"href":"https:\/\/www.tierfreunde.it\/de\/wp-json\/wp\/v2\/pages\/30"}],"wp:attachment":[{"href":"https:\/\/www.tierfreunde.it\/de\/wp-json\/wp\/v2\/media?parent=723"}],"curies":[{"name":"wp","href":"https:\/\/api.w.org\/{rel}","templated":true}]}}