{"id":846,"date":"2018-10-29T12:48:02","date_gmt":"2018-10-29T11:48:02","guid":{"rendered":"http:\/\/www.tierfreunde.it\/?page_id=846"},"modified":"2018-10-29T13:25:02","modified_gmt":"2018-10-29T12:25:02","slug":"wann-braucht-ein-igel-hilfe","status":"publish","type":"page","link":"https:\/\/www.tierfreunde.it\/de\/tipps-hilfe\/tipps-fuer-tierhalter\/wann-braucht-ein-igel-hilfe\/","title":{"rendered":"Wann braucht ein Igel Hilfe?"},"content":{"rendered":"<p><img loading=\"lazy\" decoding=\"async\" class=\"alignnone wp-image-356 size-full\" src=\"http:\/\/www.tierfreunde.it\/wp-content\/uploads\/couleur-ilona.jpg\" alt=\"\" width=\"1800\" height=\"1156\" data-headline=\"Couleur-Ilona\" \/><\/p>\n<p class=\"western\">Im Herbst trifft man auf viele kleine Igel, die sich Fett f\u00fcr den Winterschlaf anfressen. Sie sehen hilfsbed\u00fcrftig aus, brauchen aber h\u00e4ufig keine Hilfe. Solche Tiere zu f\u00fcttern oder mitzunehmen w\u00e4re falsch verstandene Tierliebe, denn Igel stehen unter Naturschutz und d\u00fcrfen nicht einfach mitgenommen und gefangengehalten werden wenn kein Grund dazu besteht.<\/p>\n<p>Eine Ausnahme bilden kranke Tiere. Du erkennst sie daran, wenn sie als nachtaktive Tiere untertags herumlaufen und Futter suchen, sich sich auff\u00e4llig verhalten oder wenn sie d\u00fcnn, apathisch oder verletzt sind. Die Augen von kranken Tieren sind meist schlitzf\u00f6rmig und eingefallen und sie rollen sich bei Kontakt nicht sofort zusammen.<\/p>\n<p>Solchen Igeln und Igeln, die nach Wintereinbruch noch im Schnee herumlaufen, solltest du helfen. Am besten du bringst ihn rein und w\u00e4rmst ihn erstmal auf. Die normale K\u00f6rpertemperatur von Igeln betr\u00e4gt 36 \u00b0C. Damit ein unterk\u00fchlter Igel zur normalen K\u00f6rpertemperatur gelangt, gibst du in eine Gummiw\u00e4rmeflasche handwarmes Wasser, umwickelst sie mit einem Handtuch, legst den Igel drauf und deckst ihn mit einem zweiten Handtuch zu.<\/p>\n<p>Ist der Igel verletzt, bitte sofort den Tierarzt verst\u00e4ndigen. Dieser versorgt die Verletzungen, entfernt Parasiten (au\u00dfen und innen) und verabreicht eventuell aufbauende Mittel. Igel haben oftmals Parasiten wie Zecken und Fl\u00f6he. In Wunden sind manchmal Fliegeneier und Fliegenmaden. Nicht verletzte Tiere, die aber krank und schwach sind, k\u00f6nnen auch Tr\u00e4ger von Fliegeneier und Fliegenmaden sein, die sich in den K\u00f6rper\u00f6ffnungen wie Mund, Ohren, After usw. befinden und f\u00fcr einen schrecklichen Tod sorgen, wenn man sie nicht behandelt.<\/p>\n<p>Auf alle F\u00e4lle ist auch wichtig festzustellen, ob es sich um ein s\u00e4ugendes Muttertier handelt, denn dann ist f\u00fcr die jungen Igel lebenswichtig, dass sie gefunden werden. <strong>Wichtig:<\/strong> Die jungen Igel bitte nur mit Handschuhen anfassen, ansonsten wendet sich die Igelmutter von ihnen ab.<\/p>\n<p><img loading=\"lazy\" decoding=\"async\" class=\"alignnone wp-image-855 size-large\" src=\"http:\/\/www.tierfreunde.it\/wp-content\/uploads\/hedgehog-2074143_1920-1024x623.jpg\" alt=\"\" width=\"1024\" height=\"623\" data-headline=\"hedgehog-2074143_1920\" \/><\/p>\n<p>Unabh\u00e4ngig davon ob du ein Tier findest, kannst du den Igeln das \u00dcberwintern allgemein leichter machen, indem du deinen Garten igelfreundlich gestaltest. Laub und Zweige solltest du auf einem Haufen liegen lassen. Darin machen es sich die Igel besonders gerne gem\u00fctlich. Auf Laubsauger solltest du verzichten, da sie neben dem Laub auch die Beutetiere der Igel aufsaugen. Komposthaufen und aufgestapeltes Brennholz sind ebenfalls gern genutzte Verstecke der Tiere.<\/p>\n<p class=\"western\">Um \u00fcberwintern zu k\u00f6nnen, m\u00fcssen Igel mindestens 500 Gramm wiegen. Liegen die Temperaturen im Herbst noch deutlich \u00fcber dem Gefrierpunkt, k\u00f6nnen selbst Jungtiere ohne fremde Hilfe ihre Nahrung beschaffen und das n\u00f6tige Gewicht erreichen.<\/p>\n<p class=\"western\">Wird es k\u00e4lter, das Futter knapper und der Igel streunt tags\u00fcber au\u00dferhalb des Nestes im Garten herum, braucht er Hilfe, und du kannst zuf\u00fcttern. Daf\u00fcr solltest du allerdings spezielles Igelfutter aus dem Fachhandel verwenden oder alternativ Katzenfeuchtfutter mit Haferflocken, ungew\u00fcrztes R\u00fchrei und Hackfleisch. <b>Achtung:<\/b> Auf keinen Fall Milch geben, diese vertragen Igel nicht. Frisches Wasser kannst du immer bereitstellen.<\/p>\n<p>&nbsp;<\/p>\n<p><em>Bist du nicht sicher was du tun sollst, kannst du dich <a href=\"http:\/\/www.pro-igel.de\">hier <\/a>\u00fcber die F\u00fctterung und \u00dcberwinterung informieren.<\/em><\/p>\n","protected":false},"excerpt":{"rendered":"<p>Im Herbst trifft man auf viele kleine Igel, die sich Fett f\u00fcr den Winterschlaf anfressen. Sie sehen hilfsbed\u00fcrftig aus, brauchen [&hellip;]<\/p>\n","protected":false},"author":3,"featured_media":0,"parent":30,"menu_order":0,"comment_status":"closed","ping_status":"closed","template":"","meta":{"_acf_changed":false,"footnotes":""},"acf":[],"yoast_head":"<!-- This site is optimized with the Yoast SEO plugin v20.13 - https:\/\/yoast.com\/wordpress\/plugins\/seo\/ -->\n<title>Wann braucht ein Igel Hilfe? - S\u00fcdtiroler Tierfreundeverein<\/title>\n<meta name=\"robots\" content=\"index, follow, max-snippet:-1, max-image-preview:large, max-video-preview:-1\" \/>\n<link rel=\"canonical\" href=\"https:\/\/www.tierfreunde.it\/de\/tipps-hilfe\/tipps-fuer-tierhalter\/wann-braucht-ein-igel-hilfe\/\" \/>\n<meta property=\"og:locale\" content=\"de_DE\" \/>\n<meta property=\"og:type\" content=\"article\" \/>\n<meta property=\"og:title\" content=\"Wann braucht ein Igel Hilfe? - S\u00fcdtiroler Tierfreundeverein\" \/>\n<meta property=\"og:description\" content=\"Im Herbst trifft man auf viele kleine Igel, die sich Fett f\u00fcr den Winterschlaf anfressen. Sie sehen hilfsbed\u00fcrftig aus, brauchen [&hellip;]\" \/>\n<meta property=\"og:url\" content=\"https:\/\/www.tierfreunde.it\/de\/tipps-hilfe\/tipps-fuer-tierhalter\/wann-braucht-ein-igel-hilfe\/\" \/>\n<meta property=\"og:site_name\" content=\"S\u00fcdtiroler Tierfreundeverein\" \/>\n<meta property=\"article:modified_time\" content=\"2018-10-29T12:25:02+00:00\" \/>\n<meta property=\"og:image\" content=\"http:\/\/www.tierfreunde.it\/wp-content\/uploads\/couleur-ilona.jpg\" \/>\n<meta name=\"twitter:card\" content=\"summary_large_image\" \/>\n<meta name=\"twitter:label1\" content=\"Est. reading time\" \/>\n\t<meta name=\"twitter:data1\" content=\"3 Minuten\" \/>\n<script type=\"application\/ld+json\" class=\"yoast-schema-graph\">{\"@context\":\"https:\/\/schema.org\",\"@graph\":[{\"@type\":\"WebPage\",\"@id\":\"https:\/\/www.tierfreunde.it\/de\/tipps-hilfe\/tipps-fuer-tierhalter\/wann-braucht-ein-igel-hilfe\/\",\"url\":\"https:\/\/www.tierfreunde.it\/de\/tipps-hilfe\/tipps-fuer-tierhalter\/wann-braucht-ein-igel-hilfe\/\",\"name\":\"Wann braucht ein Igel Hilfe? - S\u00fcdtiroler Tierfreundeverein\",\"isPartOf\":{\"@id\":\"https:\/\/www.tierfreunde.it\/de\/#website\"},\"datePublished\":\"2018-10-29T11:48:02+00:00\",\"dateModified\":\"2018-10-29T12:25:02+00:00\",\"breadcrumb\":{\"@id\":\"https:\/\/www.tierfreunde.it\/de\/tipps-hilfe\/tipps-fuer-tierhalter\/wann-braucht-ein-igel-hilfe\/#breadcrumb\"},\"inLanguage\":\"de-DE\",\"potentialAction\":[{\"@type\":\"ReadAction\",\"target\":[\"https:\/\/www.tierfreunde.it\/de\/tipps-hilfe\/tipps-fuer-tierhalter\/wann-braucht-ein-igel-hilfe\/\"]}]},{\"@type\":\"BreadcrumbList\",\"@id\":\"https:\/\/www.tierfreunde.it\/de\/tipps-hilfe\/tipps-fuer-tierhalter\/wann-braucht-ein-igel-hilfe\/#breadcrumb\",\"itemListElement\":[{\"@type\":\"ListItem\",\"position\":1,\"name\":\"Startseite\",\"item\":\"https:\/\/www.tierfreunde.it\/de\/\"},{\"@type\":\"ListItem\",\"position\":2,\"name\":\"Tipps &#038; Hilfe\",\"item\":\"https:\/\/www.tierfreunde.it\/de\/tipps-hilfe\/\"},{\"@type\":\"ListItem\",\"position\":3,\"name\":\"Tipps f\u00fcr Tierhalter\",\"item\":\"https:\/\/www.tierfreunde.it\/de\/tipps-hilfe\/tipps-fuer-tierhalter\/\"},{\"@type\":\"ListItem\",\"position\":4,\"name\":\"Wann braucht ein Igel Hilfe?\"}]},{\"@type\":\"WebSite\",\"@id\":\"https:\/\/www.tierfreunde.it\/de\/#website\",\"url\":\"https:\/\/www.tierfreunde.it\/de\/\",\"name\":\"S\u00fcdtiroler Tierfreundeverein\",\"description\":\"\",\"potentialAction\":[{\"@type\":\"SearchAction\",\"target\":{\"@type\":\"EntryPoint\",\"urlTemplate\":\"https:\/\/www.tierfreunde.it\/de\/?s={search_term_string}\"},\"query-input\":\"required name=search_term_string\"}],\"inLanguage\":\"de-DE\"}]}<\/script>\n<!-- \/ Yoast SEO plugin. -->","yoast_head_json":{"title":"Wann braucht ein Igel Hilfe? - S\u00fcdtiroler Tierfreundeverein","robots":{"index":"index","follow":"follow","max-snippet":"max-snippet:-1","max-image-preview":"max-image-preview:large","max-video-preview":"max-video-preview:-1"},"canonical":"https:\/\/www.tierfreunde.it\/de\/tipps-hilfe\/tipps-fuer-tierhalter\/wann-braucht-ein-igel-hilfe\/","og_locale":"de_DE","og_type":"article","og_title":"Wann braucht ein Igel Hilfe? - S\u00fcdtiroler Tierfreundeverein","og_description":"Im Herbst trifft man auf viele kleine Igel, die sich Fett f\u00fcr den Winterschlaf anfressen. Sie sehen hilfsbed\u00fcrftig aus, brauchen [&hellip;]","og_url":"https:\/\/www.tierfreunde.it\/de\/tipps-hilfe\/tipps-fuer-tierhalter\/wann-braucht-ein-igel-hilfe\/","og_site_name":"S\u00fcdtiroler Tierfreundeverein","article_modified_time":"2018-10-29T12:25:02+00:00","og_image":[{"url":"http:\/\/www.tierfreunde.it\/wp-content\/uploads\/couleur-ilona.jpg"}],"twitter_card":"summary_large_image","twitter_misc":{"Est. reading time":"3 Minuten"},"schema":{"@context":"https:\/\/schema.org","@graph":[{"@type":"WebPage","@id":"https:\/\/www.tierfreunde.it\/de\/tipps-hilfe\/tipps-fuer-tierhalter\/wann-braucht-ein-igel-hilfe\/","url":"https:\/\/www.tierfreunde.it\/de\/tipps-hilfe\/tipps-fuer-tierhalter\/wann-braucht-ein-igel-hilfe\/","name":"Wann braucht ein Igel Hilfe? - S\u00fcdtiroler Tierfreundeverein","isPartOf":{"@id":"https:\/\/www.tierfreunde.it\/de\/#website"},"datePublished":"2018-10-29T11:48:02+00:00","dateModified":"2018-10-29T12:25:02+00:00","breadcrumb":{"@id":"https:\/\/www.tierfreunde.it\/de\/tipps-hilfe\/tipps-fuer-tierhalter\/wann-braucht-ein-igel-hilfe\/#breadcrumb"},"inLanguage":"de-DE","potentialAction":[{"@type":"ReadAction","target":["https:\/\/www.tierfreunde.it\/de\/tipps-hilfe\/tipps-fuer-tierhalter\/wann-braucht-ein-igel-hilfe\/"]}]},{"@type":"BreadcrumbList","@id":"https:\/\/www.tierfreunde.it\/de\/tipps-hilfe\/tipps-fuer-tierhalter\/wann-braucht-ein-igel-hilfe\/#breadcrumb","itemListElement":[{"@type":"ListItem","position":1,"name":"Startseite","item":"https:\/\/www.tierfreunde.it\/de\/"},{"@type":"ListItem","position":2,"name":"Tipps &#038; Hilfe","item":"https:\/\/www.tierfreunde.it\/de\/tipps-hilfe\/"},{"@type":"ListItem","position":3,"name":"Tipps f\u00fcr Tierhalter","item":"https:\/\/www.tierfreunde.it\/de\/tipps-hilfe\/tipps-fuer-tierhalter\/"},{"@type":"ListItem","position":4,"name":"Wann braucht ein Igel Hilfe?"}]},{"@type":"WebSite","@id":"https:\/\/www.tierfreunde.it\/de\/#website","url":"https:\/\/www.tierfreunde.it\/de\/","name":"S\u00fcdtiroler Tierfreundeverein","description":"","potentialAction":[{"@type":"SearchAction","target":{"@type":"EntryPoint","urlTemplate":"https:\/\/www.tierfreunde.it\/de\/?s={search_term_string}"},"query-input":"required name=search_term_string"}],"inLanguage":"de-DE"}]}},"_links":{"self":[{"href":"https:\/\/www.tierfreunde.it\/de\/wp-json\/wp\/v2\/pages\/846"}],"collection":[{"href":"https:\/\/www.tierfreunde.it\/de\/wp-json\/wp\/v2\/pages"}],"about":[{"href":"https:\/\/www.tierfreunde.it\/de\/wp-json\/wp\/v2\/types\/page"}],"author":[{"embeddable":true,"href":"https:\/\/www.tierfreunde.it\/de\/wp-json\/wp\/v2\/users\/3"}],"replies":[{"embeddable":true,"href":"https:\/\/www.tierfreunde.it\/de\/wp-json\/wp\/v2\/comments?post=846"}],"version-history":[{"count":4,"href":"https:\/\/www.tierfreunde.it\/de\/wp-json\/wp\/v2\/pages\/846\/revisions"}],"predecessor-version":[{"id":873,"href":"https:\/\/www.tierfreunde.it\/de\/wp-json\/wp\/v2\/pages\/846\/revisions\/873"}],"up":[{"embeddable":true,"href":"https:\/\/www.tierfreunde.it\/de\/wp-json\/wp\/v2\/pages\/30"}],"wp:attachment":[{"href":"https:\/\/www.tierfreunde.it\/de\/wp-json\/wp\/v2\/media?parent=846"}],"curies":[{"name":"wp","href":"https:\/\/api.w.org\/{rel}","templated":true}]}}